{"id":3591,"date":"2020-05-12T16:28:05","date_gmt":"2020-05-12T20:28:05","guid":{"rendered":"https:\/\/enfancepourtous.ca\/fr-CA\/?page_id=3591"},"modified":"2020-10-28T13:02:34","modified_gmt":"2020-10-28T17:02:34","slug":"labelle","status":"publish","type":"page","link":"https:\/\/enfancepourtous.ca\/fr-CA\/labelle\/","title":{"rendered":"Enfance Pour Tous Labelle"},"content":{"rendered":"<p>[et_pb_section fb_built=&#8221;1&#8243; disabled_on=&#8221;off|off|off&#8221; admin_label=&#8221;Desktop&#8221; _builder_version=&#8221;3.22.4&#8243; custom_padding=&#8221;0px|0|0px|0px|false|false&#8221; custom_css_main_element=&#8221;height: 100px;&#8221;][et_pb_row custom_margin=&#8221;30px||30px&#8221; _builder_version=&#8221;3.22.4&#8243; width_last_edited=&#8221;on|phone&#8221;][et_pb_column type=&#8221;4_4&#8243; _builder_version=&#8221;3.19.18&#8243;][et_pb_text _builder_version=&#8221;3.22.4&#8243; header_font=&#8221;Open Sans||||||||&#8221;]<\/p>\n<h1>Enfance Pour Tous <b>Labelle<\/b><stronbriarcrest campus=\"\" strong=\"\"><\/stronbriarcrest><\/h1>\n<p>[\/et_pb_text][\/et_pb_column][\/et_pb_row][\/et_pb_section][et_pb_section fb_built=&#8221;1&#8243; admin_label=&#8221;Desktop&#8221; _builder_version=&#8221;3.22.4&#8243; custom_padding=&#8221;0px|0|0px|0px|false|false&#8221;][et_pb_row custom_padding=&#8221;0px|0px|0|0px|false|false&#8221; make_equal=&#8221;on&#8221; padding_right_1=&#8221;1px&#8221; disabled_on=&#8221;off|off|off&#8221; _builder_version=&#8221;3.22.4&#8243; border_width_top=&#8221;1px&#8221; border_color_top=&#8221;#ffffff&#8221; width_phone=&#8221;100%&#8221; width_last_edited=&#8221;on|phone&#8221;][et_pb_column type=&#8221;1_2&#8243; _builder_version=&#8221;3.19.15&#8243;][et_pb_text _builder_version=&#8221;3.22.4&#8243; text_font=&#8221;Open Sans||||||||&#8221; text_font_size=&#8221;15px&#8221; text_line_height=&#8221;1.5em&#8221; header_font=&#8221;Open Sans|300|||||||&#8221; header_text_align=&#8221;left&#8221; header_font_size=&#8221;32px&#8221; header_line_height=&#8221;1.3em&#8221; background_color=&#8221;#1b988c&#8221; border_color_all=&#8221;#000000&#8243; border_style_all=&#8221;double&#8221; background_layout=&#8221;dark&#8221; custom_margin=&#8221;0px|0px|0px|0px|true|true&#8221; custom_padding=&#8221;35px|35px|35px|35px|true|true&#8221; custom_css_main_element=&#8221;height: 100%;||display:flex;||justify-content:center;||align-items:center;&#8221; background__hover_enabled=&#8221;on&#8221;]<\/p>\n<h1>Bienvenue \u00e0 Labelle<\/h1>\n<p>La Garderie Labelle est un service de garde \u00e9ducatif sp\u00e9cialis\u00e9 en petite enfance et accueille 57 enfants quotidiennement.\u00a0<\/p>\n<p>Situ\u00e9 dans le quartier Chomedey \u00e0 Laval, tout pr\u00e8s de Centropolis, un secteur de la ville vivant et au c\u0153ur de Laval, un point de rencontre entre la ville et ses habitants.<\/p>\n<p>Le service de garde existe depuis plus de 30 ans et est bien connu dans la communaut\u00e9 pour offrir ses programmes bilingues, fran\u00e7ais et en anglais. Notre mission professionnelle est d\u2019offrir des services \u00e9ducatifs de qualit\u00e9 tout en assurant la sant\u00e9, la s\u00e9curit\u00e9, le bien-\u00eatre affectif de l\u2019enfant et le d\u00e9veloppement de sa confiance en soi.\u00a0<\/p>\n<p><span style=\"font-size: 15px;\">Labelle est une garderie subventionn\u00e9e.<\/span><\/p>\n<p>Nous sommes \u00e9galement ouvert pour les visites, sur rendez-vous.<\/p>\n<p style=\"text-align: center;\">\n<p>[\/et_pb_text][\/et_pb_column][et_pb_column type=&#8221;1_2&#8243; _builder_version=&#8221;3.19.15&#8243;][et_pb_text _builder_version=&#8221;3.22.4&#8243; text_font=&#8221;Open Sans||||||||&#8221; text_text_color=&#8221;#279989&#8243; text_font_size=&#8221;15px&#8221; text_line_height=&#8221;1.5em&#8221; header_font=&#8221;||||||||&#8221; header_5_font=&#8221;Open Sans||||||||&#8221; header_5_line_height=&#8221;1.6em&#8221; custom_margin=&#8221;20px|30px|20px|30px&#8221;]<\/p>\n<p><strong>Enfance Pour Tous Labelle<\/strong><br \/> <span>blvd Cur\u00e9-Labelle \/ chemin du Souvenir <\/span><br \/> <span>1480 boulevard Cur\u00e9-Labelle<\/span><br \/><span>Laval, QC H7V 2W1<\/span><\/p>\n<p><strong style=\"font-size: 15px;\">Directrice:<\/strong><span style=\"font-size: 15px;\"> <span>Gula Zulfali<\/span><br \/> <strong>Heures d&#8217;ouverture:<\/strong> <\/span><span style=\"font-size: 15px;\">7 h \u00e0 18 h (L-V)<\/span><\/p>\n<p><span style=\"font-size: 16px;\">450.688.0809\u00a0<\/span><span style=\"font-size: 16px;\"><\/span><br \/> <a href=\"mailto:labelle@enfancepourtous.ca\" style=\"font-size: 16px;\">labelle@enfancepourtous.ca<\/a><\/p>\n<p>[\/et_pb_text][et_pb_code _builder_version=&#8221;3.22.4&#8243;]<\/p>\n<div id=\"mapthis-desktop\"><!-- [et_pb_line_break_holder] -->  <map-this<!-- [et_pb_line_break_holder] -->  \tlocations-endpoint=&#8221;\/\/api.learningjungle.com\/v1\/organizations\/CA\/QC04&#8243;<!-- [et_pb_line_break_holder] -->\tmap-this-text=&#8221;Cartez-le&#8221;><!-- [et_pb_line_break_holder] -->  <\/map-this><!-- [et_pb_line_break_holder] --><\/div>\n<p><!-- [et_pb_line_break_holder] --><!-- [et_pb_line_break_holder] --><script src=\"\/\/cdn.jsdelivr.net\/npm\/vue\/dist\/vue.min.js\"><\/script><!-- [et_pb_line_break_holder] --><script type=\"text\/javascript\" src=\"\/\/js.learningjungle.com\/lj-vue.umd.min.js\"><\/script><!-- [et_pb_line_break_holder] --><script><!-- [et_pb_line_break_holder] -->new Vue({ el: '#mapthis-desktop' })<!-- [et_pb_line_break_holder] --><\/script><!-- [et_pb_line_break_holder] --><script async defer src=\"https:\/\/maps.googleapis.com\/maps\/api\/js?key=AIzaSyAJl6yWkaQ2xT2zGo7dygyyIzrVhMGmauo&#038;callback=initMaps\" type=\"text\/javascript\"><\/script>[\/et_pb_code][et_pb_text _builder_version=&#8221;3.22.4&#8243; text_font=&#8221;Open Sans||||||||&#8221; text_text_color=&#8221;#279989&#8243; text_font_size=&#8221;15px&#8221; text_line_height=&#8221;1.5em&#8221; header_font=&#8221;||||||||&#8221; header_5_font=&#8221;Open Sans||||||||&#8221; header_5_line_height=&#8221;1.6em&#8221; min_height=&#8221;134px&#8221; custom_margin=&#8221;20px|30px|20px|30px&#8221; custom_padding=&#8221;||6px|||&#8221;]<\/p>\n<p><strong style=\"font-size: 16px;\">Programmes disponibles:\u00a0<\/strong>Trottineurs (18 m &#8211; 3 ans), Pr\u00e9scolaires (3 ans &#8211; 5 ans)<\/p>\n<p>[\/et_pb_text][\/et_pb_column][\/et_pb_row][\/et_pb_section][et_pb_section fb_built=&#8221;1&#8243; disabled_on=&#8221;off|off|off&#8221; _builder_version=&#8221;3.22.4&#8243; custom_margin=&#8221;1px||&#8221;][et_pb_row custom_margin=&#8221;1px||&#8221; _builder_version=&#8221;3.22.4&#8243; width_tablet=&#8221;100%&#8221; width_last_edited=&#8221;on|desktop&#8221;][et_pb_column type=&#8221;4_4&#8243; _builder_version=&#8221;3.22.4&#8243;][et_pb_image _builder_version=&#8221;3.22.4&#8243; background_image=&#8221;https:\/\/enfancepourtous.ca\/fr-CA\/wp-content\/uploads\/2019\/04\/LearningJungle-hero2.jpg&#8221; width_last_edited=&#8221;on|desktop&#8221; custom_css_main_element=&#8221;height: 300px;&#8221;][\/et_pb_image][\/et_pb_column][\/et_pb_row][et_pb_row custom_css_before_2=&#8221;||&#8221; custom_css_main_1=&#8221;z-index: 10||&#8221; _builder_version=&#8221;3.22.4&#8243; width_tablet=&#8221;100%&#8221; width_last_edited=&#8221;on|tablet&#8221;][et_pb_column type=&#8221;1_2&#8243; _builder_version=&#8221;3.19.18&#8243;][et_pb_testimonial author=&#8221; Sara&#8221; quote_icon_color=&#8221;rgba(0,0,0,0)&#8221; quote_icon_background_color=&#8221;rgba(0,0,0,0)&#8221; portrait_width=&#8221;96px&#8221; portrait_height=&#8221;96&#8243; _builder_version=&#8221;3.22.4&#8243; body_font=&#8221;Open Sans||||||||&#8221; body_text_color=&#8221;#565294&#8243; body_font_size=&#8221;15px&#8221; background_color=&#8221;#dcd9e8&#8243; border_radii_portrait=&#8221;on|89px|89px|89px|89px&#8221; transform_scale_last_edited=&#8221;on|desktop&#8221; transform_translate=&#8221;56px|-67px&#8221; transform_translate_tablet=&#8221;0px|0px&#8221; transform_translate_last_edited=&#8221;on|desktop&#8221; transform_translate_linked=&#8221;off&#8221; transform_rotate_last_edited=&#8221;on|desktop&#8221; transform_skew_last_edited=&#8221;on|desktop&#8221; transform_origin_last_edited=&#8221;on|desktop&#8221; transform_styles_last_edited=&#8221;on|desktop&#8221; background_layout=&#8221;dark&#8221; min_height_last_edited=&#8221;on|phone&#8221; height_last_edited=&#8221;on|phone&#8221; max_height_last_edited=&#8221;on|phone&#8221; custom_padding=&#8221;50px|30px||40px&#8221; custom_css_main_element=&#8221;outline:1px solid;||outline-color:#565294;||outline-offset:-15px; &#8220;]<\/p>\n<h1><b>APPR\u00c9CIATION DES PARENTS<\/b><\/h1>\n<p><i>&#8220;J&#8217;appr\u00e9cie vraiment le temps, les efforts et l&#8217;\u00e9nergie que vous consacrez \u00e0 nourrir, \u00e9duquer et prendre soin de Lushen comme si elle \u00e9tait la v\u00f4tre. Elle ne serait pas le petit singe intelligent qu&#8217;elle est sans toi!&#8221;<\/i><\/p>\n<p>[\/et_pb_testimonial][\/et_pb_column][et_pb_column type=&#8221;1_2&#8243; _builder_version=&#8221;3.19.18&#8243;][et_pb_image _builder_version=&#8221;3.22.4&#8243; background_image=&#8221;https:\/\/enfancepourtous.ca\/fr-CA\/wp-content\/uploads\/2019\/04\/chalkdrawing.jpg&#8221; transform_scale_last_edited=&#8221;on|desktop&#8221; transform_translate=&#8221;-73px|7px&#8221; transform_translate_tablet=&#8221;-2px|0px&#8221; transform_translate_phone=&#8221;0px|0px&#8221; transform_translate_last_edited=&#8221;on|phone&#8221; transform_translate_linked=&#8221;off&#8221; transform_rotate_last_edited=&#8221;on|desktop&#8221; transform_skew_last_edited=&#8221;on|desktop&#8221; transform_origin_last_edited=&#8221;on|desktop&#8221; transform_styles_last_edited=&#8221;on|phone&#8221; height=&#8221;300px&#8221; custom_css_main_element=&#8221;height: 300px;&#8221;][\/et_pb_image][\/et_pb_column][\/et_pb_row][\/et_pb_section][et_pb_section fb_built=&#8221;1&#8243; _builder_version=&#8221;3.22.4&#8243;][et_pb_row custom_margin=&#8221;20px||&#8221; disabled_on=&#8221;off|off|off&#8221; admin_label=&#8221;Mobile&#8221; module_class=&#8221; et_pb_row_fullwidth&#8221; _builder_version=&#8221;3.22.4&#8243; background_color=&#8221;#1f9b8d&#8221; use_background_color_gradient=&#8221;on&#8221; background_color_gradient_start=&#8221;#091651&#8243; background_color_gradient_end=&#8221;#005e5c&#8221; background_color_gradient_type=&#8221;radial&#8221; background_color_gradient_direction_radial=&#8221;bottom&#8221; width=&#8221;100%&#8221; width_tablet=&#8221;100%&#8221; width_last_edited=&#8221;on|phone&#8221; max_width=&#8221;100%&#8221; max_width_tablet=&#8221;100%&#8221; max_width_last_edited=&#8221;on|desktop&#8221; height=&#8221;300px&#8221; make_fullwidth=&#8221;on&#8221; global_module=&#8221;654&#8243; saved_tabs=&#8221;all&#8221; collapsed=&#8221;off&#8221;][et_pb_column type=&#8221;4_4&#8243; _builder_version=&#8221;3.19.18&#8243;][et_pb_cta title=&#8221;Nous serions ravis de vous rencontrer&#8221; button_url=&#8221;https:\/\/enfancepourtous.ca\/fr-CA\/demander-une-visite\/&#8221; button_text=&#8221;DEMANDER UNE VISITE&#8221; disabled_on=&#8221;off|off|off&#8221; admin_label=&#8221;Call To Action&#8221; _builder_version=&#8221;3.22.4&#8243; header_level=&#8221;h1&#8243; header_font=&#8221;Open Sans||||||||&#8221; header_text_color=&#8221;#ffffff&#8221; header_font_size_phone=&#8221;24px&#8221; header_font_size_last_edited=&#8221;on|phone&#8221; body_font=&#8221;Open Sans||||||||&#8221; body_text_color=&#8221;#ffffff&#8221; body_font_size=&#8221;14px&#8221; body_line_height=&#8221;1.5em&#8221; use_background_color=&#8221;off&#8221; custom_button=&#8221;on&#8221; button_text_size=&#8221;18px&#8221; button_text_color=&#8221;#ffffff&#8221; button_bg_color=&#8221;#575296&#8243; button_font=&#8221;||||||||&#8221; custom_margin=&#8221;0px|0px|0px|0px&#8221; custom_padding=&#8221;75px|20px|75px|20px&#8221;]<\/p>\n<p>Nous avons actuellement 28 sites dans 5 pays. Nos installations proposent des visites tout au long de l&#8217;ann\u00e9e.<br \/> Nous vous invitons \u00e0 visiter un endroit pr\u00e8s de chez vous.<\/p>\n<p>[\/et_pb_cta][\/et_pb_column][\/et_pb_row][\/et_pb_section][et_pb_section fb_built=&#8221;1&#8243; admin_label=&#8221;Footer&#8221; module_id=&#8221;footer&#8221; _builder_version=&#8221;3.22.4&#8243; background_color=&#8221;#dcd9e8&#8243; min_height=&#8221;50px&#8221; custom_padding=&#8221;0px|0|0px|0px|false|false&#8221; global_module=&#8221;2151&#8243; collapsed=&#8221;off&#8221;][et_pb_row admin_label=&#8221;Social&#8221; _builder_version=&#8221;3.22.4&#8243;][et_pb_column type=&#8221;4_4&#8243; _builder_version=&#8221;3.22.4&#8243;][et_pb_social_media_follow _builder_version=&#8221;3.22.4&#8243; custom_margin=&#8221;20px||&#8221;][et_pb_social_media_follow_network social_network=&#8221;facebook&#8221; url=&#8221;http:\/\/facebook.com\/learningjunglecanada&#8221; _builder_version=&#8221;3.22.4&#8243; background_color=&#8221;#211c34&#8243; follow_button=&#8221;off&#8221; url_new_window=&#8221;on&#8221;]facebook[\/et_pb_social_media_follow_network][et_pb_social_media_follow_network social_network=&#8221;instagram&#8221; url=&#8221;http:\/\/www.instagram.com\/learningjungle&#8221; _builder_version=&#8221;3.22.4&#8243; background_color=&#8221;#211c34&#8243; follow_button=&#8221;off&#8221; url_new_window=&#8221;on&#8221;]instagram[\/et_pb_social_media_follow_network][\/et_pb_social_media_follow][\/et_pb_column][\/et_pb_row][et_pb_row _builder_version=&#8221;3.22.4&#8243;][et_pb_column type=&#8221;1_4&#8243; _builder_version=&#8221;3.22.4&#8243;][et_pb_text admin_label=&#8221;Learning Jungle Schools Menu&#8221; _builder_version=&#8221;3.22.4&#8243; text_font=&#8221;||||||||&#8221; text_line_height=&#8221;1.5em&#8221; text_line_height_tablet=&#8221;2em&#8221; text_line_height_last_edited=&#8221;on|desktop&#8221; link_font=&#8221;||||||||&#8221; ul_font=&#8221;||||||||&#8221; ol_font=&#8221;||||||||&#8221; quote_font=&#8221;||||||||&#8221; header_font=&#8221;|||on|||||&#8221; header_text_color=&#8221;#575194&#8243; header_2_font=&#8221;|700||on|||||&#8221; header_2_text_color=&#8221;#575194&#8243; header_2_font_size=&#8221;16px&#8221; custom_css_main_element=&#8221;white-space: nowrap;&#8221;]<\/p>\n<h2>ENFANCE POUR TOUS<\/h2>\n<p><a href=\"https:\/\/enfancepourtous.ca\/fr-CA\/philosophie\/\">Philosophie<\/a><br \/> <a href=\"https:\/\/enfancepourtous.ca\/fr-CA\/programmes\/\">Programmes<\/a><br \/> <a href=\"https:\/\/enfancepourtous.ca\/fr-CA\/emplacements\/\">Emplacements<\/a><br \/> <a href=\"https:\/\/enfancepourtous.ca\/fr-CA\/demander-une-visite\/\">Demander une visite<\/a><\/p>\n<p>[\/et_pb_text][\/et_pb_column][et_pb_column type=&#8221;1_4&#8243; _builder_version=&#8221;3.22.4&#8243;][et_pb_text admin_label=&#8221;Corporate Menu&#8221; _builder_version=&#8221;3.22.4&#8243; text_font=&#8221;||||||||&#8221; text_line_height=&#8221;1.5em&#8221; text_line_height_tablet=&#8221;2em&#8221; text_line_height_last_edited=&#8221;on|tablet&#8221; header_font=&#8221;||||||||&#8221; header_2_font=&#8221;||||||||&#8221; header_2_text_color=&#8221;#211c34&#8243; header_2_font_size=&#8221;18px&#8221; custom_padding=&#8221;26px||&#8221; custom_padding_tablet=&#8221;26px||&#8221; custom_padding_last_edited=&#8221;on|tablet&#8221;]<\/p>\n<p><a href=\"https:\/\/enfancepourtous.ca\/fr-CA\/a-propos-de-enfance-pour-tous\/\">\u00c0 propos de Enfance Pour Tous<\/a><br \/><a href=\"https:\/\/enfancepourtous.ca\/fr-CA\/carrieres\/\">Carri\u00e8res<\/a><br \/><a href=\"https:\/\/enfancepourtous.ca\/fr-CA\/nous-contacter\/\">Contacts de l&#8217;entreprise<\/a><br \/><a title=\"Learning Jungle Franchising\" href=\"http:\/\/franchise.learningjungle.com\" target=\"_blank\" rel=\"noopener noreferrer\">Franchisage<\/a><br \/><a href=\"https:\/\/enfancepourtous.ca\/fr-CA\/politique-de-confidentialite\/\">Politique de confidentialit\u00e9<\/a><br \/><a href=\"https:\/\/enfancepourtous.ca\/fr-CA\/termes-et-conditions\/\">Termes &amp; Conditions<\/a><\/p>\n<p>[\/et_pb_text][\/et_pb_column][et_pb_column type=&#8221;1_4&#8243; _builder_version=&#8221;3.22.4&#8243;][et_pb_text admin_label=&#8221;Parent login header&#8221; _builder_version=&#8221;3.22.4&#8243; text_font=&#8221;||||||||&#8221; text_line_height=&#8221;1em&#8221; text_line_height_tablet=&#8221;2em&#8221; text_line_height_last_edited=&#8221;on|desktop&#8221; link_font=&#8221;||||||||&#8221; ul_font=&#8221;||||||||&#8221; ol_font=&#8221;||||||||&#8221; quote_font=&#8221;||||||||&#8221; header_font=&#8221;|||on|||||&#8221; header_text_color=&#8221;#0d5257&#8243; header_2_font=&#8221;|700||on|||||&#8221; header_2_text_color=&#8221;#279989&#8243; header_2_font_size=&#8221;16px&#8221; custom_padding_tablet=&#8221;24px||&#8221; custom_padding_last_edited=&#8221;on|tablet&#8221;]<\/p>\n<h2>Parents<\/h2>\n<p>[\/et_pb_text][et_pb_code admin_label=&#8221;Login form&#8221; _builder_version=&#8221;3.22.4&#8243;]<\/p>\n<form action=\"https:\/\/qc1.learningjungle.com\/Signon.do\" method=\"post\" id=\"signon\"><!-- [et_pb_line_break_holder] -->\t<input type=\"hidden\" name=\"button_processLogin\" value=\"Log in\"><!-- [et_pb_line_break_holder] -->\t<input type=\"hidden\" name=\"processLogin_encoding\" value=\"u\"><!-- [et_pb_line_break_holder] -->\t<input type=\"hidden\" name=\"processLogin_params\" value=\"state=processLogin\"><!-- [et_pb_line_break_holder] --><!-- [et_pb_line_break_holder] -->\t\t<input type=\"hidden\" name=\"cmd\" value=\"button\"><!-- [et_pb_line_break_holder] -->\t<label for=\"LoginName\">S&#8217;identifier<\/label><!-- [et_pb_line_break_holder] -->\t<input type=\"text\" id=\"LoginName\" name=\"LoginName\"><!-- [et_pb_line_break_holder] -->\t<label for=\"Password\">Mot de passe<\/label><!-- [et_pb_line_break_holder] -->\t<input type=\"password\" id=\"Password\" name=\"Password\"><!-- [et_pb_line_break_holder] -->\t<input class=\"butn\" type=\"submit\" value=\"Login\"><!-- [et_pb_line_break_holder] -->\t<!-- [et_pb_line_break_holder] --><\/form>\n<p>[\/et_pb_code][\/et_pb_column][et_pb_column type=&#8221;1_4&#8243; _builder_version=&#8221;3.22.4&#8243;][\/et_pb_column][\/et_pb_row][\/et_pb_section]<\/p>\n","protected":false},"excerpt":{"rendered":"<p>[et_pb_section fb_built=&#8221;1&#8243; disabled_on=&#8221;off|off|off&#8221; admin_label=&#8221;Desktop&#8221; _builder_version=&#8221;3.22.4&#8243; custom_padding=&#8221;0px|0|0px|0px|false|false&#8221; custom_css_main_element=&#8221;height: 100px;&#8221;][et_pb_row custom_margin=&#8221;30px||30px&#8221; _builder_version=&#8221;3.22.4&#8243; width_last_edited=&#8221;on|phone&#8221;][et_pb_column type=&#8221;4_4&#8243; _builder_version=&#8221;3.19.18&#8243;][et_pb_text _builder_version=&#8221;3.22.4&#8243; header_font=&#8221;Open Sans||||||||&#8221;] Enfance Pour Tous Labelle [\/et_pb_text][\/et_pb_column][\/et_pb_row][\/et_pb_section][et_pb_section fb_built=&#8221;1&#8243; admin_label=&#8221;Desktop&#8221; _builder_version=&#8221;3.22.4&#8243; custom_padding=&#8221;0px|0|0px|0px|false|false&#8221;][et_pb_row custom_padding=&#8221;0px|0px|0|0px|false|false&#8221; make_equal=&#8221;on&#8221; padding_right_1=&#8221;1px&#8221; disabled_on=&#8221;off|off|off&#8221; _builder_version=&#8221;3.22.4&#8243; border_width_top=&#8221;1px&#8221; border_color_top=&#8221;#ffffff&#8221; width_phone=&#8221;100%&#8221; width_last_edited=&#8221;on|phone&#8221;][et_pb_column type=&#8221;1_2&#8243; _builder_version=&#8221;3.19.15&#8243;][et_pb_text _builder_version=&#8221;3.22.4&#8243; text_font=&#8221;Open Sans||||||||&#8221; text_font_size=&#8221;15px&#8221; text_line_height=&#8221;1.5em&#8221; header_font=&#8221;Open Sans|300|||||||&#8221; header_text_align=&#8221;left&#8221; header_font_size=&#8221;32px&#8221; header_line_height=&#8221;1.3em&#8221; background_color=&#8221;#1b988c&#8221; border_color_all=&#8221;#000000&#8243; border_style_all=&#8221;double&#8221; background_layout=&#8221;dark&#8221; custom_margin=&#8221;0px|0px|0px|0px|true|true&#8221; custom_padding=&#8221;35px|35px|35px|35px|true|true&#8221; custom_css_main_element=&#8221;height: 100%;||display:flex;||justify-content:center;||align-items:center;&#8221; background__hover_enabled=&#8221;on&#8221;] [&hellip;]<\/p>\n","protected":false},"author":7,"featured_media":0,"parent":0,"menu_order":0,"comment_status":"closed","ping_status":"closed","template":"","meta":{"_et_pb_use_builder":"on","_et_pb_old_content":"","_et_gb_content_width":"","inline_featured_image":false,"footnotes":""},"_links":{"self":[{"href":"https:\/\/enfancepourtous.ca\/fr-CA\/wp-json\/wp\/v2\/pages\/3591"}],"collection":[{"href":"https:\/\/enfancepourtous.ca\/fr-CA\/wp-json\/wp\/v2\/pages"}],"about":[{"href":"https:\/\/enfancepourtous.ca\/fr-CA\/wp-json\/wp\/v2\/types\/page"}],"author":[{"embeddable":true,"href":"https:\/\/enfancepourtous.ca\/fr-CA\/wp-json\/wp\/v2\/users\/7"}],"replies":[{"embeddable":true,"href":"https:\/\/enfancepourtous.ca\/fr-CA\/wp-json\/wp\/v2\/comments?post=3591"}],"version-history":[{"count":14,"href":"https:\/\/enfancepourtous.ca\/fr-CA\/wp-json\/wp\/v2\/pages\/3591\/revisions"}],"predecessor-version":[{"id":6409,"href":"https:\/\/enfancepourtous.ca\/fr-CA\/wp-json\/wp\/v2\/pages\/3591\/revisions\/6409"}],"wp:attachment":[{"href":"https:\/\/enfancepourtous.ca\/fr-CA\/wp-json\/wp\/v2\/media?parent=3591"}],"curies":[{"name":"wp","href":"https:\/\/api.w.org\/{rel}","templated":true}]}}