{"id":3562,"date":"2020-05-11T17:50:51","date_gmt":"2020-05-11T21:50:51","guid":{"rendered":"https:\/\/enfancepourtous.ca\/fr-CA\/?page_id=3562"},"modified":"2025-04-09T14:11:08","modified_gmt":"2025-04-09T18:11:08","slug":"emplacements","status":"publish","type":"page","link":"https:\/\/enfancepourtous.ca\/fr-CA\/emplacements\/","title":{"rendered":"Emplacements"},"content":{"rendered":"<p>[et_pb_section fb_built=&#8221;1&#8243; custom_padding_last_edited=&#8221;on|tablet&#8221; admin_label=&#8221;Page Title&#8221; _builder_version=&#8221;3.22.4&#8243; min_height_tablet=&#8221;&#8221; min_height_phone=&#8221;&#8221; min_height_last_edited=&#8221;on|desktop&#8221; custom_padding=&#8221;20px||20px&#8221; custom_padding_tablet=&#8221;&#8221; custom_padding_phone=&#8221;&#8221; global_module=&#8221;1938&#8243; saved_tabs=&#8221;all&#8221;][et_pb_row _builder_version=&#8221;3.25&#8243; width_tablet=&#8221;&#8221; width_phone=&#8221;&#8221; width_last_edited=&#8221;on|tablet&#8221; min_height_tablet=&#8221;&#8221; min_height_phone=&#8221;&#8221; min_height_last_edited=&#8221;on|desktop&#8221; custom_margin_tablet=&#8221;||&#8221; custom_margin_phone=&#8221;&#8221; custom_margin_last_edited=&#8221;on|desktop&#8221;][et_pb_column type=&#8221;4_4&#8243; _builder_version=&#8221;3.25&#8243; custom_padding=&#8221;|||&#8221; custom_padding__hover=&#8221;|||&#8221;][et_pb_post_title meta=&#8221;off&#8221; featured_image=&#8221;off&#8221; _builder_version=&#8221;3.22.4&#8243; title_font=&#8221;||||||||&#8221; custom_css_post_title=&#8221;font-size: 30px;&#8221;][\/et_pb_post_title][\/et_pb_column][\/et_pb_row][\/et_pb_section][et_pb_section fb_built=&#8221;1&#8243; disabled_on=&#8221;on|on|on&#8221; admin_label=&#8221;Old search&#8221; _builder_version=&#8221;4.6.5&#8243; custom_padding=&#8221;0|0px|0px|0px|false|false&#8221; disabled=&#8221;on&#8221;][et_pb_row disabled_on=&#8221;off|off|off&#8221; _builder_version=&#8221;3.25&#8243; width_tablet=&#8221;100%&#8221; width_phone=&#8221;100%&#8221; width_last_edited=&#8221;on|tablet&#8221;][et_pb_column type=&#8221;4_4&#8243; _builder_version=&#8221;3.25&#8243; custom_padding=&#8221;|||&#8221; custom_padding__hover=&#8221;|||&#8221;][et_pb_code disabled_on=&#8221;off|off|off&#8221; admin_label=&#8221;Code&#8221; _builder_version=&#8221;4.6.5&#8243;]<\/p>\n<div id=\"ljlocations-desktop\"><!-- [et_pb_line_break_holder] -->  <lj-locations<!-- [et_pb_line_break_holder] -->  \tlocations-endpoint=&#8221;\/\/api.learningjungle.com\/v1\/organizations&#8221;<!-- [et_pb_line_break_holder] -->\t><!-- [et_pb_line_break_holder] -->  <\/lj-locations><!-- [et_pb_line_break_holder] --><\/div>\n<p><!-- [et_pb_line_break_holder] --><script src=\"\/\/cdn.jsdelivr.net\/npm\/vue\/dist\/vue.min.js\"><\/script><!-- [et_pb_line_break_holder] --><script src=\"https:\/\/unpkg.com\/vue-i18n@8.24.3\/dist\/vue-i18n.js\"><\/script><!-- [et_pb_line_break_holder] --><script type=\"text\/javascript\" src=\"\/\/js.learningjungle.com\/lj-vue.umd.min.js\"><\/script><!-- [et_pb_line_break_holder] --><script><!-- [et_pb_line_break_holder] -->var i18n = new VueI18n({<!-- [et_pb_line_break_holder] -->  locale: 'fr', \/\/ set locale<!-- [et_pb_line_break_holder] -->})<!-- [et_pb_line_break_holder] -->new Vue({ i18n, el: '#ljlocations-desktop' })<!-- [et_pb_line_break_holder] --><\/script><!-- [et_pb_line_break_holder] --><script async defer src=\"https:\/\/maps.googleapis.com\/maps\/api\/js?key=AIzaSyAJl6yWkaQ2xT2zGo7dygyyIzrVhMGmauo&#038;callback=initMaps\" type=\"text\/javascript\"><\/script>[\/et_pb_code][\/et_pb_column][\/et_pb_row][\/et_pb_section][et_pb_section fb_built=&#8221;1&#8243; disabled_on=&#8221;off|off|off&#8221; admin_label=&#8221;Location Features&#8221; _builder_version=&#8221;4.6.5&#8243; _module_preset=&#8221;default&#8221;][et_pb_row column_structure=&#8221;1_3,1_3,1_3&#8243; _builder_version=&#8221;4.14.2&#8243; _module_preset=&#8221;default&#8221; custom_margin=&#8221;||20px||false|false&#8221; custom_padding=&#8221;||||false|false&#8221; hover_enabled=&#8221;0&#8243; sticky_enabled=&#8221;0&#8243;][et_pb_column type=&#8221;1_3&#8243; _builder_version=&#8221;4.14.2&#8243; _module_preset=&#8221;default&#8221; custom_padding=&#8221;10px|10px|10px|10px|false|false&#8221;][et_pb_text _builder_version=&#8221;4.6.5&#8243; _module_preset=&#8221;default&#8221; text_font=&#8221;Open Sans||||||||&#8221; text_text_color=&#8221;#0d5257&#8243; text_font_size=&#8221;13px&#8221; text_line_height=&#8221;1.3em&#8221; header_2_font=&#8221;||||||||&#8221; header_2_text_align=&#8221;left&#8221; header_2_font_size=&#8221;20px&#8221; header_2_line_height=&#8221;1.2em&#8221;]<\/p>\n<h1>Id\u00e9alement situ\u00e9 dans des communaut\u00e9s familiales<\/h1>\n<p>Nous sommes un fournisseur de services de garde \u00e9ducatifs en pleine croissance, op\u00e9rant fi\u00e8rement dans 5 pays et 45 sites. La famille de marques Learning Jungle comprend : Learning Jungle, Enfance Pour Tous et Smart Kids.<\/p>\n<p>Nos environnements de garde d&#8217;enfants sont des espaces invitants, s\u00fbrs et stimulants avec un \u00e9quilibre entre des salles de classe ludiques, des aires de repos calmes et des terrains de jeux ext\u00e9rieurs.<\/p>\n<p>[\/et_pb_text][\/et_pb_column][et_pb_column type=&#8221;1_3&#8243; _builder_version=&#8221;4.14.2&#8243; _module_preset=&#8221;default&#8221; custom_padding=&#8221;|1px|||false|false&#8221;][et_pb_text _builder_version=&#8221;4.6.5&#8243; text_font=&#8221;||||||||&#8221; text_text_color=&#8221;#FFFFFF&#8221; text_font_size=&#8221;13px&#8221; text_line_height=&#8221;1.2em&#8221; header_font=&#8221;Lato|300|||||||&#8221; header_text_align=&#8221;center&#8221; header_font_size=&#8221;14px&#8221; background_color=&#8221;#279989&#8243; background_enable_image=&#8221;off&#8221; text_orientation=&#8221;center&#8221; custom_margin=&#8221;0px|0px|0px|0px|true|true&#8221; custom_padding=&#8221;10px|20px|0px|20px|false|true&#8221; custom_css_main_element=&#8221;min-height: 10px;&#8221; border_color_all=&#8221;#FFFFFF&#8221; border_style_all=&#8221;double&#8221; background__hover_enabled=&#8221;on&#8221;]<\/p>\n<p style=\"text-align: center;\"><strong>EN VEDETTE<\/strong><\/p>\n<p style=\"text-align: center;\">Enfance Pour Tous Drummondville<br \/>Drummondville, QC<\/p>\n<p style=\"text-align: center;\">[\/et_pb_text][et_pb_text _builder_version=&#8221;4.6.5&#8243; text_font=&#8221;||||||||&#8221; text_text_color=&#8221;#FFFFFF&#8221; text_font_size=&#8221;13px&#8221; text_line_height=&#8221;1.2em&#8221; header_font=&#8221;Lato|300|||||||&#8221; header_text_align=&#8221;center&#8221; header_font_size=&#8221;14px&#8221; background_color=&#8221;#dce7e5&#8243; background_image=&#8221;https:\/\/enfancepourtous.ca\/fr-CA\/wp-content\/uploads\/2023\/05\/UL_playspace.jpg&#8221; text_orientation=&#8221;center&#8221; custom_margin=&#8221;0px|0px|0px|0px|true|true&#8221; custom_padding=&#8221;45px|45px|45px|45px|false|true&#8221; link_option_url=&#8221;https:\/\/enfancepourtous.ca\/fr-CA\/drummondville&#8221; hover_enabled=&#8221;0&#8243; custom_css_main_element=&#8221;min-height: 200px;&#8221; border_color_all=&#8221;#000000&#8243; border_style_all=&#8221;double&#8221; background__hover_enabled=&#8221;on&#8221; sticky_enabled=&#8221;0&#8243;][\/et_pb_text][\/et_pb_column][et_pb_column type=&#8221;1_3&#8243; _builder_version=&#8221;4.14.2&#8243; _module_preset=&#8221;default&#8221; custom_padding=&#8221;|1px|||false|false&#8221;][et_pb_text disabled_on=&#8221;on|on|on&#8221; _builder_version=&#8221;4.6.5&#8243; text_font=&#8221;||||||||&#8221; text_text_color=&#8221;#FFFFFF&#8221; text_font_size=&#8221;13px&#8221; text_line_height=&#8221;1.2em&#8221; header_font=&#8221;Lato|300|||||||&#8221; header_text_align=&#8221;center&#8221; header_font_size=&#8221;14px&#8221; background_color=&#8221;#279989&#8243; background_enable_image=&#8221;off&#8221; text_orientation=&#8221;center&#8221; custom_margin=&#8221;0px|0px|0px|0px|true|true&#8221; custom_padding=&#8221;10px|20px|0px|20px|false|true&#8221; hover_enabled=&#8221;0&#8243; custom_css_main_element=&#8221;min-height: 10px;&#8221; border_color_all=&#8221;#000000&#8243; border_style_all=&#8221;double&#8221; disabled=&#8221;on&#8221; background__hover_enabled=&#8221;on&#8221; sticky_enabled=&#8221;0&#8243;]<\/p>\n<p style=\"text-align: center;\"><strong>EN VEDETTE<\/strong><\/p>\n<p style=\"text-align: center;\">Enfance Pour Tous LaBelle<br \/>Laval, QC<\/p>\n<p style=\"text-align: center;\">[\/et_pb_text][et_pb_text _builder_version=&#8221;4.6.5&#8243; text_font=&#8221;||||||||&#8221; text_text_color=&#8221;#FFFFFF&#8221; text_font_size=&#8221;13px&#8221; text_line_height=&#8221;1.2em&#8221; header_font=&#8221;Lato|300|||||||&#8221; header_text_align=&#8221;center&#8221; header_font_size=&#8221;14px&#8221; background_color=&#8221;#dce7e5&#8243; background_image=&#8221;https:\/\/enfancepourtous.ca\/fr-CA\/wp-content\/uploads\/2022\/05\/Feature-Labelle.jpg&#8221; text_orientation=&#8221;center&#8221; custom_margin=&#8221;0px|0px|0px|0px|true|true&#8221; custom_padding=&#8221;45px|45px|45px|45px|false|false&#8221; link_option_url=&#8221;https:\/\/enfancepourtous.ca\/fr-CA\/labelle\/&#8221; hover_enabled=&#8221;0&#8243; custom_css_main_element=&#8221;min-height: 200px;&#8221; border_color_all=&#8221;#000000&#8243; border_style_all=&#8221;double&#8221; background__hover_enabled=&#8221;on&#8221; sticky_enabled=&#8221;0&#8243; disabled_on=&#8221;on|on|on&#8221; disabled=&#8221;on&#8221;][\/et_pb_text][\/et_pb_column][\/et_pb_row][\/et_pb_section][et_pb_section fb_built=&#8221;1&#8243; disabled_on=&#8221;off|off|off&#8221; _builder_version=&#8221;4.6.5&#8243; _module_preset=&#8221;default&#8221;][et_pb_row admin_label=&#8221;Locations Row&#8221; _builder_version=&#8221;4.14.2&#8243; _module_preset=&#8221;default&#8221;][et_pb_column type=&#8221;4_4&#8243; _builder_version=&#8221;4.14.2&#8243; _module_preset=&#8221;default&#8221;][et_pb_code disabled_on=&#8221;off|off|off&#8221; admin_label=&#8221;Locations Code&#8221; _builder_version=&#8221;4.6.5&#8243; _module_preset=&#8221;default&#8221;]<\/p>\n<div id=\"ljlocations-desktop\"><!-- [et_pb_line_break_holder] -->  <lj-locations-new<!-- [et_pb_line_break_holder] -->  \tlocations-endpoint=&#8221;\/\/api.learningjungle.com\/v1\/organizations&#8221;<!-- [et_pb_line_break_holder] -->    text-find-a-location-near-you=&#8221;Trouvez une garderie pr\u00e8s de chez vous :&#8221;<!-- [et_pb_line_break_holder] -->  text-nothing-nearby-header=&#8221;\u00c0 l&#8217;heure actuelle, les installations d&#8217;Enfance Pour Tous ne sont pas situ\u00e9es \u00e0 moins de 100 milles de la ville ou du code postal que vous avez demand\u00e9s.&#8221;<!-- [et_pb_line_break_holder] -->text-nothing-nearby-growing=&#8221;Nous nous d\u00e9veloppons et appr\u00e9cions les suggestions pour de futurs emplacements.&#8221;<!-- [et_pb_line_break_holder] -->  text-nothing-nearby-drop-us-some-hints=&#8221;Cliquez ici pour nous laisser quelques indices !&#8221;<!-- [et_pb_line_break_holder] -->  text-nothing-nearby-drop-us-some-hints-url=&#8221;https:\/\/www.enfancepourtous.ca\/fr-CA\/suggestion&#8221;<!-- [et_pb_line_break_holder] -->text-show-all-locations=&#8221;Afficher d&#8217;autres emplacements&#8221;<!-- [et_pb_line_break_holder] -->                    text-search=&#8221;CHERCHER&#8221;<!-- [et_pb_line_break_holder] -->                    text-search-placeholder=&#8221;Enter le code postal ou la ville, province&#8221;<!-- [et_pb_line_break_holder] -->\t><!-- [et_pb_line_break_holder] -->  <\/lj-locations-new><!-- [et_pb_line_break_holder] --><\/div>\n<p><!-- [et_pb_line_break_holder] --><script src=\"\/\/cdn.jsdelivr.net\/npm\/vue\/dist\/vue.min.js\"><\/script><!-- [et_pb_line_break_holder] --><script type=\"text\/javascript\" src=\"\/\/js.learningjungle.com\/lj-vue.umd.min.js\"><\/script><!-- [et_pb_line_break_holder] --><script><!-- [et_pb_line_break_holder] -->new Vue({ el: '#ljlocations-desktop' })<!-- [et_pb_line_break_holder] --><\/script><!-- [et_pb_line_break_holder] --><script async defer src=\"https:\/\/maps.googleapis.com\/maps\/api\/js?key=AIzaSyClfmxH9I4Y9_SYta4cJG2p8OPDuzK9SLE&#038;callback=initMaps\" type=\"text\/javascript\"><\/script>[\/et_pb_code][et_pb_code disabled_on=&#8221;on|on|on&#8221; admin_label=&#8221;Local testing code&#8221; _builder_version=&#8221;4.6.5&#8243; _module_preset=&#8221;default&#8221; disabled=&#8221;on&#8221;] <\/p>\n<div id=\"app\">[location search]<\/div>\n<p><!-- [et_pb_line_break_holder] --><script type=\"text\/javascript\" src=\"http:\/\/127.0.0.1:8080\/js\/chunk-vendors.js\"><\/script><script type=\"text\/javascript\" src=\"http:\/\/127.0.0.1:8080\/js\/chunk-common.js\"><\/script><script type=\"text\/javascript\" src=\"http:\/\/127.0.0.1:8080\/js\/app.js\"><\/script><script type=\"text\/javascript\" src=\"\/js\/index.js\"><\/script><script type=\"text\/javascript\" src=\"http:\/\/127.0.0.1:8080\/js\/organizations.js\"><\/script><!-- [et_pb_line_break_holder] --><script async defer src=\"https:\/\/maps.googleapis.com\/maps\/api\/js?key=AIzaSyAJl6yWkaQ2xT2zGo7dygyyIzrVhMGmauo&#038;callback=initMaps\"<!-- [et_pb_line_break_holder] -->    type=\"text\/javascript\"><\/script><!-- [et_pb_line_break_holder] -->[\/et_pb_code][\/et_pb_column][\/et_pb_row][\/et_pb_section][et_pb_section fb_built=&#8221;1&#8243; admin_label=&#8221;Desktop View&#8221; _builder_version=&#8221;3.22.3&#8243;][et_pb_row disabled_on=&#8221;off|off|off&#8221; admin_label=&#8221;Mobile&#8221; module_class=&#8221; et_pb_row_fullwidth&#8221; _builder_version=&#8221;3.22.4&#8243; background_color=&#8221;#1f9b8d&#8221; use_background_color_gradient=&#8221;on&#8221; background_color_gradient_start=&#8221;#091651&#8243; background_color_gradient_end=&#8221;#005e5c&#8221; background_color_gradient_type=&#8221;radial&#8221; background_color_gradient_direction_radial=&#8221;bottom&#8221; width=&#8221;100%&#8221; width_tablet=&#8221;100%&#8221; width_phone=&#8221;&#8221; width_last_edited=&#8221;on|phone&#8221; max_width=&#8221;100%&#8221; max_width_tablet=&#8221;100%&#8221; max_width_phone=&#8221;&#8221; max_width_last_edited=&#8221;on|desktop&#8221; height=&#8221;300px&#8221; custom_margin=&#8221;20px||&#8221; make_fullwidth=&#8221;on&#8221; global_module=&#8221;654&#8243; saved_tabs=&#8221;all&#8221; collapsed=&#8221;off&#8221;][et_pb_column type=&#8221;4_4&#8243; _builder_version=&#8221;3.25&#8243; custom_padding=&#8221;|||&#8221; custom_padding__hover=&#8221;|||&#8221;][et_pb_cta title=&#8221;Nous serions ravis de vous rencontrer&#8221; button_url=&#8221;https:\/\/enfancepourtous.ca\/fr-CA\/demander-une-visite\/&#8221; button_text=&#8221;DEMANDER UNE VISITE&#8221; disabled_on=&#8221;off|off|off&#8221; admin_label=&#8221;Call To Action&#8221; _builder_version=&#8221;3.22.4&#8243; header_level=&#8221;h1&#8243; header_font=&#8221;Open Sans||||||||&#8221; header_text_color=&#8221;#ffffff&#8221; body_font=&#8221;Open Sans||||||||&#8221; body_text_color=&#8221;#ffffff&#8221; body_line_height=&#8221;1.5em&#8221; use_background_color=&#8221;off&#8221; custom_button=&#8221;on&#8221; button_text_size=&#8221;18px&#8221; button_text_color=&#8221;#ffffff&#8221; button_bg_color=&#8221;#575296&#8243; button_font=&#8221;||||||||&#8221; custom_margin=&#8221;0px|0px|0px|0px&#8221; custom_padding=&#8221;75px|20px|75px|20px&#8221; header_font_size_tablet=&#8221;&#8221; header_font_size_phone=&#8221;24px&#8221; header_font_size_last_edited=&#8221;on|phone&#8221;]<\/p>\n<p>Nous avons actuellement 51 sites dans 5 pays. Nos installations proposent des visites tout au long de l&#8217;ann\u00e9e.<br \/> Nous vous invitons \u00e0 visiter un endroit pr\u00e8s de chez vous.<\/p>\n<p>[\/et_pb_cta][\/et_pb_column][\/et_pb_row][\/et_pb_section][et_pb_section fb_built=&#8221;1&#8243; admin_label=&#8221;Footer&#8221; module_id=&#8221;footer&#8221; _builder_version=&#8221;3.22.4&#8243; background_color=&#8221;#dcd9e8&#8243; min_height=&#8221;50px&#8221; custom_padding=&#8221;0px|0|0px|0px|false|false&#8221; global_module=&#8221;2151&#8243; collapsed=&#8221;off&#8221;][et_pb_row admin_label=&#8221;Social&#8221; _builder_version=&#8221;3.25&#8243;][et_pb_column type=&#8221;4_4&#8243; _builder_version=&#8221;3.25&#8243; custom_padding=&#8221;|||&#8221; custom_padding__hover=&#8221;|||&#8221;][et_pb_social_media_follow _builder_version=&#8221;4.6.5&#8243; custom_margin=&#8221;20px||&#8221;][et_pb_social_media_follow_network social_network=&#8221;facebook&#8221; url=&#8221;https:\/\/www.facebook.com\/enfancepourtous&#8221; _builder_version=&#8221;4.6.5&#8243; background_color=&#8221;#211c34&#8243; follow_button=&#8221;off&#8221; url_new_window=&#8221;on&#8221;]facebook[\/et_pb_social_media_follow_network][et_pb_social_media_follow_network social_network=&#8221;instagram&#8221; url=&#8221;https:\/\/www.instagram.com\/enfancepourtous\/&#8221; _builder_version=&#8221;4.6.5&#8243; background_color=&#8221;#211c34&#8243; follow_button=&#8221;off&#8221; url_new_window=&#8221;on&#8221;]instagram[\/et_pb_social_media_follow_network][\/et_pb_social_media_follow][\/et_pb_column][\/et_pb_row][et_pb_row column_structure=&#8221;1_4,1_4,1_4,1_4&#8243; _builder_version=&#8221;3.25&#8243;][et_pb_column type=&#8221;1_4&#8243; _builder_version=&#8221;3.25&#8243; custom_padding=&#8221;|||&#8221; custom_padding__hover=&#8221;|||&#8221;][et_pb_text admin_label=&#8221;Learning Jungle Schools Menu&#8221; _builder_version=&#8221;3.27.4&#8243; text_font=&#8221;||||||||&#8221; text_line_height=&#8221;1.5em&#8221; link_font=&#8221;||||||||&#8221; ul_font=&#8221;||||||||&#8221; ol_font=&#8221;||||||||&#8221; quote_font=&#8221;||||||||&#8221; header_font=&#8221;|||on|||||&#8221; header_text_color=&#8221;#575194&#8243; header_2_font=&#8221;|700||on|||||&#8221; header_2_text_color=&#8221;#575194&#8243; header_2_font_size=&#8221;16px&#8221; text_line_height_tablet=&#8221;2em&#8221; text_line_height_phone=&#8221;&#8221; text_line_height_last_edited=&#8221;on|desktop&#8221; custom_css_main_element=&#8221;white-space: nowrap;&#8221;]<\/p>\n<h2>ENFANCE POUR TOUS<\/h2>\n<p><a href=\"https:\/\/enfancepourtous.ca\/fr-CA\/philosophie\/\">Philosophie<\/a><br \/> <a href=\"https:\/\/enfancepourtous.ca\/fr-CA\/programmes\/\">Programmes<\/a><br \/> <a href=\"https:\/\/enfancepourtous.ca\/fr-CA\/emplacements\/\">Emplacements<\/a><br \/> <a href=\"https:\/\/enfancepourtous.ca\/fr-CA\/demander-une-visite\/\">Demander une visite<\/a><\/p>\n<p>[\/et_pb_text][\/et_pb_column][et_pb_column type=&#8221;1_4&#8243; _builder_version=&#8221;3.25&#8243; custom_padding=&#8221;|||&#8221; custom_padding__hover=&#8221;|||&#8221;][et_pb_text admin_label=&#8221;Corporate Menu&#8221; _builder_version=&#8221;3.27.4&#8243; text_font=&#8221;||||||||&#8221; text_line_height=&#8221;1.5em&#8221; header_font=&#8221;||||||||&#8221; header_2_font=&#8221;||||||||&#8221; header_2_text_color=&#8221;#211c34&#8243; header_2_font_size=&#8221;18px&#8221; custom_padding=&#8221;26px||&#8221; custom_padding_tablet=&#8221;26px||&#8221; custom_padding_phone=&#8221;&#8221; custom_padding_last_edited=&#8221;on|tablet&#8221; text_line_height_tablet=&#8221;2em&#8221; text_line_height_phone=&#8221;&#8221; text_line_height_last_edited=&#8221;on|tablet&#8221;]<\/p>\n<p><a href=\"https:\/\/enfancepourtous.ca\/fr-CA\/a-propos-de-enfance-pour-tous\/\">\u00c0 propos de Enfance Pour Tous<\/a><br \/><a href=\"https:\/\/enfancepourtous.ca\/fr-CA\/carrieres\/\">Carri\u00e8res<\/a><br \/><a href=\"https:\/\/enfancepourtous.ca\/fr-CA\/nous-contacter\/\">Contacts de l&#8217;entreprise<\/a><br \/><a title=\"Learning Jungle Franchising\" href=\"http:\/\/franchise.learningjungle.com\" target=\"_blank\" rel=\"noopener noreferrer\">Franchisage<\/a><br \/><a href=\"https:\/\/enfancepourtous.ca\/fr-CA\/politique-de-confidentialite\/\">Politique de confidentialit\u00e9<\/a><br \/><a href=\"https:\/\/enfancepourtous.ca\/fr-CA\/termes-et-conditions\/\">Termes &amp; Conditions<\/a><\/p>\n<p>[\/et_pb_text][\/et_pb_column][et_pb_column type=&#8221;1_4&#8243; _builder_version=&#8221;3.25&#8243; custom_padding=&#8221;|||&#8221; custom_padding__hover=&#8221;|||&#8221;][et_pb_text admin_label=&#8221;Parent login header&#8221; _builder_version=&#8221;3.27.4&#8243; text_font=&#8221;||||||||&#8221; text_line_height=&#8221;1em&#8221; link_font=&#8221;||||||||&#8221; ul_font=&#8221;||||||||&#8221; ol_font=&#8221;||||||||&#8221; quote_font=&#8221;||||||||&#8221; header_font=&#8221;|||on|||||&#8221; header_text_color=&#8221;#0d5257&#8243; header_2_font=&#8221;|700||on|||||&#8221; header_2_text_color=&#8221;#279989&#8243; header_2_font_size=&#8221;16px&#8221; custom_padding_tablet=&#8221;24px||&#8221; custom_padding_phone=&#8221;&#8221; custom_padding_last_edited=&#8221;on|tablet&#8221; text_line_height_tablet=&#8221;2em&#8221; text_line_height_phone=&#8221;&#8221; text_line_height_last_edited=&#8221;on|desktop&#8221;]<\/p>\n<h2>Parents<\/h2>\n<p>[\/et_pb_text][et_pb_code admin_label=&#8221;Login form&#8221; _builder_version=&#8221;3.22.4&#8243;]<\/p>\n<form action=\"https:\/\/qc1.learningjungle.com\/Signon.do\" method=\"post\" id=\"signon\"><!-- [et_pb_line_break_holder] -->\t<input type=\"hidden\" name=\"button_processLogin\" value=\"Log in\"><!-- [et_pb_line_break_holder] -->\t<input type=\"hidden\" name=\"processLogin_encoding\" value=\"u\"><!-- [et_pb_line_break_holder] -->\t<input type=\"hidden\" name=\"processLogin_params\" value=\"state=processLogin\"><!-- [et_pb_line_break_holder] --><!-- [et_pb_line_break_holder] -->\t\t<input type=\"hidden\" name=\"cmd\" value=\"button\"><!-- [et_pb_line_break_holder] -->\t<label for=\"LoginName\">S&#8217;identifier<\/label><!-- [et_pb_line_break_holder] -->\t<input type=\"text\" id=\"LoginName\" name=\"LoginName\"><!-- [et_pb_line_break_holder] -->\t<label for=\"Password\">Mot de passe<\/label><!-- [et_pb_line_break_holder] -->\t<input type=\"password\" id=\"Password\" name=\"Password\"><!-- [et_pb_line_break_holder] -->\t<input class=\"butn\" type=\"submit\" value=\"Login\"><!-- [et_pb_line_break_holder] -->\t<!-- [et_pb_line_break_holder] --><\/form>\n<p>[\/et_pb_code][\/et_pb_column][et_pb_column type=&#8221;1_4&#8243; _builder_version=&#8221;3.25&#8243; custom_padding=&#8221;|||&#8221; custom_padding__hover=&#8221;|||&#8221;][\/et_pb_column][\/et_pb_row][et_pb_row _builder_version=&#8221;3.25&#8243;][et_pb_column type=&#8221;4_4&#8243; _builder_version=&#8221;3.25&#8243; custom_padding=&#8221;|||&#8221; custom_padding__hover=&#8221;|||&#8221;][et_pb_image align_tablet=&#8221;center&#8221; align_phone=&#8221;&#8221; align_last_edited=&#8221;on|desktop&#8221; _builder_version=&#8221;3.23&#8243;][\/et_pb_image][\/et_pb_column][\/et_pb_row][\/et_pb_section]<\/p>\n","protected":false},"excerpt":{"rendered":"<p>[et_pb_section fb_built=&#8221;1&#8243; custom_padding_last_edited=&#8221;on|tablet&#8221; admin_label=&#8221;Page Title&#8221; _builder_version=&#8221;3.22.4&#8243; min_height_tablet=&#8221;&#8221; min_height_phone=&#8221;&#8221; min_height_last_edited=&#8221;on|desktop&#8221; custom_padding=&#8221;20px||20px&#8221; custom_padding_tablet=&#8221;&#8221; custom_padding_phone=&#8221;&#8221; global_module=&#8221;1938&#8243; saved_tabs=&#8221;all&#8221;][et_pb_row _builder_version=&#8221;3.25&#8243; width_tablet=&#8221;&#8221; width_phone=&#8221;&#8221; width_last_edited=&#8221;on|tablet&#8221; min_height_tablet=&#8221;&#8221; min_height_phone=&#8221;&#8221; min_height_last_edited=&#8221;on|desktop&#8221; custom_margin_tablet=&#8221;||&#8221; custom_margin_phone=&#8221;&#8221; custom_margin_last_edited=&#8221;on|desktop&#8221;][et_pb_column type=&#8221;4_4&#8243; _builder_version=&#8221;3.25&#8243; custom_padding=&#8221;|||&#8221; custom_padding__hover=&#8221;|||&#8221;][et_pb_post_title meta=&#8221;off&#8221; featured_image=&#8221;off&#8221; _builder_version=&#8221;3.22.4&#8243; title_font=&#8221;||||||||&#8221; custom_css_post_title=&#8221;font-size: 30px;&#8221;][\/et_pb_post_title][\/et_pb_column][\/et_pb_row][\/et_pb_section][et_pb_section fb_built=&#8221;1&#8243; disabled_on=&#8221;on|on|on&#8221; admin_label=&#8221;Old search&#8221; _builder_version=&#8221;4.6.5&#8243; custom_padding=&#8221;0|0px|0px|0px|false|false&#8221; disabled=&#8221;on&#8221;][et_pb_row disabled_on=&#8221;off|off|off&#8221; _builder_version=&#8221;3.25&#8243; width_tablet=&#8221;100%&#8221; width_phone=&#8221;100%&#8221; width_last_edited=&#8221;on|tablet&#8221;][et_pb_column type=&#8221;4_4&#8243; _builder_version=&#8221;3.25&#8243; custom_padding=&#8221;|||&#8221; custom_padding__hover=&#8221;|||&#8221;][et_pb_code disabled_on=&#8221;off|off|off&#8221; admin_label=&#8221;Code&#8221; _builder_version=&#8221;4.6.5&#8243;] locations-endpoint=&#8221;\/\/api.learningjungle.com\/v1\/organizations&#8221; [\/et_pb_code][\/et_pb_column][\/et_pb_row][\/et_pb_section][et_pb_section [&hellip;]<\/p>\n","protected":false},"author":7,"featured_media":0,"parent":0,"menu_order":0,"comment_status":"closed","ping_status":"closed","template":"","meta":{"_et_pb_use_builder":"on","_et_pb_old_content":"","_et_gb_content_width":"","inline_featured_image":false,"footnotes":""},"_links":{"self":[{"href":"https:\/\/enfancepourtous.ca\/fr-CA\/wp-json\/wp\/v2\/pages\/3562"}],"collection":[{"href":"https:\/\/enfancepourtous.ca\/fr-CA\/wp-json\/wp\/v2\/pages"}],"about":[{"href":"https:\/\/enfancepourtous.ca\/fr-CA\/wp-json\/wp\/v2\/types\/page"}],"author":[{"embeddable":true,"href":"https:\/\/enfancepourtous.ca\/fr-CA\/wp-json\/wp\/v2\/users\/7"}],"replies":[{"embeddable":true,"href":"https:\/\/enfancepourtous.ca\/fr-CA\/wp-json\/wp\/v2\/comments?post=3562"}],"version-history":[{"count":32,"href":"https:\/\/enfancepourtous.ca\/fr-CA\/wp-json\/wp\/v2\/pages\/3562\/revisions"}],"predecessor-version":[{"id":9669,"href":"https:\/\/enfancepourtous.ca\/fr-CA\/wp-json\/wp\/v2\/pages\/3562\/revisions\/9669"}],"wp:attachment":[{"href":"https:\/\/enfancepourtous.ca\/fr-CA\/wp-json\/wp\/v2\/media?parent=3562"}],"curies":[{"name":"wp","href":"https:\/\/api.w.org\/{rel}","templated":true}]}}