{"id":3538,"date":"2020-05-12T16:24:49","date_gmt":"2020-05-12T20:24:49","guid":{"rendered":"https:\/\/enfancepourtous.ca\/fr-CA\/?page_id=3538"},"modified":"2024-09-09T22:21:19","modified_gmt":"2024-09-10T02:21:19","slug":"demander-une-visite","status":"publish","type":"page","link":"https:\/\/enfancepourtous.ca\/fr-CA\/demander-une-visite\/","title":{"rendered":"Demander une visite"},"content":{"rendered":"<p>[et_pb_section fb_built=&#8221;1&#8243; custom_padding_last_edited=&#8221;on|tablet&#8221; admin_label=&#8221;Page Title&#8221; _builder_version=&#8221;3.22.4&#8243; min_height_tablet=&#8221;&#8221; min_height_phone=&#8221;&#8221; min_height_last_edited=&#8221;on|desktop&#8221; custom_padding=&#8221;20px||20px&#8221; custom_padding_tablet=&#8221;&#8221; custom_padding_phone=&#8221;&#8221; global_module=&#8221;1938&#8243; saved_tabs=&#8221;all&#8221;][et_pb_row _builder_version=&#8221;3.25&#8243; width_tablet=&#8221;&#8221; width_phone=&#8221;&#8221; width_last_edited=&#8221;on|tablet&#8221; min_height_tablet=&#8221;&#8221; min_height_phone=&#8221;&#8221; min_height_last_edited=&#8221;on|desktop&#8221; custom_margin_tablet=&#8221;||&#8221; custom_margin_phone=&#8221;&#8221; custom_margin_last_edited=&#8221;on|desktop&#8221;][et_pb_column type=&#8221;4_4&#8243; _builder_version=&#8221;3.25&#8243; custom_padding=&#8221;|||&#8221; custom_padding__hover=&#8221;|||&#8221;][et_pb_post_title meta=&#8221;off&#8221; featured_image=&#8221;off&#8221; _builder_version=&#8221;3.22.4&#8243; title_font=&#8221;||||||||&#8221; custom_css_post_title=&#8221;font-size: 30px;&#8221;][\/et_pb_post_title][\/et_pb_column][\/et_pb_row][\/et_pb_section][et_pb_section fb_built=&#8221;1&#8243; custom_padding_last_edited=&#8221;on|desktop&#8221; disabled_on=&#8221;off|off|off&#8221; _builder_version=&#8221;3.22.4&#8243; custom_margin_tablet=&#8221;&#8221; custom_margin_phone=&#8221;&#8221; custom_margin_last_edited=&#8221;on|tablet&#8221; custom_padding=&#8221;0px|0px|0px|0px&#8221; custom_padding_tablet=&#8221;&#8221; custom_padding_phone=&#8221;&#8221;][et_pb_row column_structure=&#8221;1_2,1_2&#8243; _builder_version=&#8221;4.6.5&#8243; width_tablet=&#8221;100%&#8221; width_phone=&#8221;&#8221; width_last_edited=&#8221;on|tablet&#8221; custom_margin=&#8221;0px||&#8221; custom_padding=&#8221;0px||&#8221;][et_pb_column type=&#8221;1_2&#8243; _builder_version=&#8221;3.25&#8243; custom_padding=&#8221;|0px||0px&#8221; custom_padding_tablet=&#8221;&#8221; custom_padding_phone=&#8221;&#8221; custom_padding_last_edited=&#8221;on|desktop&#8221; custom_padding__hover=&#8221;|||&#8221;][et_pb_text disabled_on=&#8221;on|on|off&#8221; admin_label=&#8221;Quote&#8221; _builder_version=&#8221;4.6.5&#8243; text_font=&#8221;Open Sans||||||||&#8221; text_font_size=&#8221;20px&#8221; header_font=&#8221;||||||||&#8221; header_6_font=&#8221;Open Sans||||||||&#8221; header_6_text_color=&#8221;#279989&#8243; header_6_font_size=&#8221;10px&#8221; background_image=&#8221;https:\/\/enfancepourtous.ca\/fr-CA\/wp-content\/uploads\/2019\/03\/LJ-textureA.jpg&#8221; parallax=&#8221;on&#8221; width=&#8221;100%&#8221; width_tablet=&#8221;100%&#8221; width_phone=&#8221;&#8221; width_last_edited=&#8221;on|tablet&#8221; max_width_last_edited=&#8221;off|phone&#8221; custom_margin=&#8221;|0px||&#8221; custom_margin_tablet=&#8221;|0px||&#8221; custom_margin_phone=&#8221;&#8221; custom_margin_last_edited=&#8221;on|phone&#8221; custom_padding=&#8221;30px|62px|30px|70px||&#8221; custom_padding_tablet=&#8221;|||&#8221; custom_padding_phone=&#8221;&#8221; custom_padding_last_edited=&#8221;on|desktop&#8221; custom_css_main_element=&#8221;height: 300px;||display:table-cell;||vertical-align:middle;&#8221; border_color_right=&#8221;#ffffff&#8221;]<\/p>\n<p><span style=\"color: #ffffff;\"><span color=\"#ffffff\">Dites-moi et j&#8217;oublie. Enseigne-moi et je me souviens.\u00a0<strong>I<span>mplique-moi et j&#8217;apprends<\/span><\/strong>.<\/span><\/span><\/p>\n<h6><\/h6>\n<h6><b>BENJAMIN FRANKLIN<\/b><\/h6>\n<p>[\/et_pb_text][\/et_pb_column][et_pb_column type=&#8221;1_2&#8243; _builder_version=&#8221;3.25&#8243; custom_padding=&#8221;|||&#8221; custom_padding__hover=&#8221;|||&#8221;][et_pb_image src=&#8221;https:\/\/enfancepourtous.ca\/fr-CA\/wp-content\/uploads\/2019\/04\/girlraisinghand.jpg&#8221; alt=&#8221;Toddler at Learning Jungle&#8221; title_text=&#8221;Toddler at Learning Jungle&#8221; align_tablet=&#8221;center&#8221; align_phone=&#8221;&#8221; align_last_edited=&#8221;on|desktop&#8221; _builder_version=&#8221;4.6.5&#8243;][\/et_pb_image][\/et_pb_column][\/et_pb_row][\/et_pb_section][et_pb_section fb_built=&#8221;1&#8243; custom_padding_last_edited=&#8221;on|tablet&#8221; _builder_version=&#8221;3.22.3&#8243; custom_margin_tablet=&#8221;&#8221; custom_margin_phone=&#8221;&#8221; custom_margin_last_edited=&#8221;on|tablet&#8221; custom_padding_tablet=&#8221;0px|0px|0px|0px&#8221; custom_padding_phone=&#8221;&#8221;][et_pb_row column_structure=&#8221;2_5,3_5&#8243; custom_padding_last_edited=&#8221;on|tablet&#8221; _builder_version=&#8221;3.25&#8243; custom_padding_tablet=&#8221;0px||0px&#8221; custom_padding_phone=&#8221;&#8221;][et_pb_column type=&#8221;2_5&#8243; _builder_version=&#8221;3.25&#8243; custom_padding=&#8221;|||&#8221; custom_padding__hover=&#8221;|||&#8221;][et_pb_text _builder_version=&#8221;4.6.5&#8243; text_font=&#8221;||||||||&#8221; text_line_height=&#8221;1.8em&#8221; header_font=&#8221;||||||||&#8221; header_line_height=&#8221;1.4em&#8221; custom_margin=&#8221;109px|50px|30px|20px||&#8221; custom_margin_tablet=&#8221;30px|0px|0px|0px&#8221; custom_margin_phone=&#8221;&#8221; custom_margin_last_edited=&#8221;on|desktop&#8221; custom_padding=&#8221;|||&#8221;]<\/p>\n<h1 style=\"text-align: left;\">Ici pour vous.<br \/><span><span class=\"ui-provider gl b c d e f g h i j k l m n o p q r s t u v w x y z ab ac ae af ag ah ai aj ak\" dir=\"ltr\">Pr\u00eat d\u00e8s que tu l&#8217;es.<\/span><\/span><\/h1>\n<p><span style=\"font-size: 14px;\">Veuillez remplir le formulaire pour demander une visite\u00a0 chez Enfance Pour Tous dans votre quartier. Une fois soumise, la directrice vous contactera pour confirmer la date et les pr\u00e9cisions\u00a0 de votre visite.\u00a0<\/span><\/p>\n<p>Pour trouver Enfance Pour Tous dans votre quartier, veuillez <a href=\"https:\/\/enfancepourtous.ca\/fr-CA\/emplacements\/\">rechercher ici.<\/a><\/p>\n<p>Nous vous remercions de votre int\u00e9r\u00eat et nous nous r\u00e9jouissons de votre visite.<\/p>\n<p>&nbsp;<\/p>\n<p>[\/et_pb_text][\/et_pb_column][et_pb_column type=&#8221;3_5&#8243; _builder_version=&#8221;3.25&#8243; custom_padding=&#8221;|||&#8221; custom_padding__hover=&#8221;|||&#8221;][et_pb_contact_form email=&#8221;booking@learningjungle.com&#8221; custom_message=&#8221;Location of Interest: %%Location_of_Interest%%||et_pb_line_break_holder||||et_pb_line_break_holder||Name: %%Name%%||et_pb_line_break_holder||Email: %%Email%%||et_pb_line_break_holder||Phone Number: %%Phone_Number%%||et_pb_line_break_holder||Contact Method: %%ContactMethod%%||et_pb_line_break_holder||||et_pb_line_break_holder||||et_pb_line_break_holder||Age of Child: %%Age%%||et_pb_line_break_holder||Start Date: %%Start_Date_2%%||et_pb_line_break_holder||||et_pb_line_break_holder||Tour Days preferred: %%Day%%||et_pb_line_break_holder||Tour Times preferred: %%Time%%||et_pb_line_break_holder||||et_pb_line_break_holder||Campaign Source: %%Campaign%%||et_pb_line_break_holder||||et_pb_line_break_holder||%%Message%%&#8221; use_redirect=&#8221;on&#8221; redirect_url=&#8221;https:\/\/enfancepourtous.ca\/fr-CA\/demande-de-visite-soumise\/&#8221; success_message=&#8221;Merci de votre int\u00e9r\u00eat pour Enfance Pour Tous. Nous avons h\u00e2te de vous rencontrer! La directrice communiquera avec vous dans les 24 heures pour confirmer l&#8217;heure de votre visite.&#8221; submit_button_text=&#8221;Soumettre&#8221; _builder_version=&#8221;4.6.5&#8243; title_font=&#8221;||||||||&#8221; form_field_font=&#8221;||||||||&#8221; custom_margin=&#8221;30px||&#8221; hover_enabled=&#8221;0&#8243; sticky_enabled=&#8221;0&#8243;][et_pb_contact_field field_id=&#8221;Name&#8221; field_title=&#8221;Nom&#8221; fullwidth_field=&#8221;on&#8221; _builder_version=&#8221;3.22.4&#8243; form_field_font=&#8221;||||||||&#8221; custom_css_before=&#8221;content: %22Informations de contact%22;||font-size: 16pt;||color: #279989;&#8221;][\/et_pb_contact_field][et_pb_contact_field field_id=&#8221;Email&#8221; field_title=&#8221;Courriel&#8221; field_type=&#8221;email&#8221; fullwidth_field=&#8221;on&#8221; _builder_version=&#8221;3.22.4&#8243;][\/et_pb_contact_field][et_pb_contact_field field_id=&#8221;Phone_Number&#8221; field_title=&#8221;T\u00e9l\u00e9phone &#8221; min_length=&#8221;10&#8243; fullwidth_field=&#8221;on&#8221; _builder_version=&#8221;3.22.4&#8243;][\/et_pb_contact_field][et_pb_contact_field field_id=&#8221;ContactMethod&#8221; field_title=&#8221;M\u00e9thode pr\u00e9f\u00e9r\u00e9 de contact&#8221; field_type=&#8221;radio&#8221; radio_options=&#8221;%91{%22value%22:%22T\u00e9l\u00e9phone %22,%22checked%22:0,%22dragID%22:-1},{%22value%22:%22Courriel%22,%22checked%22:0,%22dragID%22:0}%93&#8243; fullwidth_field=&#8221;on&#8221; _builder_version=&#8221;3.22.4&#8243;][\/et_pb_contact_field][et_pb_contact_field field_id=&#8221;Age&#8221; field_title=&#8221;\u00c2ge de l&#8217;enfant \/ des enfants (\u00e0 ce jour)&#8221; fullwidth_field=&#8221;on&#8221; _builder_version=&#8221;3.22.4&#8243;][\/et_pb_contact_field][et_pb_contact_field field_id=&#8221;Start_Date_2&#8243; field_title=&#8221;Date de d\u00e9but pr\u00e9vue&#8221; fullwidth_field=&#8221;on&#8221; _builder_version=&#8221;3.22.4&#8243;][\/et_pb_contact_field][et_pb_contact_field field_id=&#8221;Location_of_Interest&#8221; field_title=&#8221;Lieu d&#8217;int\u00e9r\u00eat&#8221; field_type=&#8221;select&#8221; select_options=&#8221;%91{%22value%22:%22Drummondville (Drummondville, QC)%22,%22checked%22:0,%22dragID%22:-1},{%22value%22:%22Laurentides (Laval, QC)%22,%22checked%22:0,%22dragID%22:0},{%22value%22:%22Labelle (Laval, QC)%22,%22checked%22:0,%22dragID%22:1},{%22value%22:%22Briarcrest (Etobicoke, ON)%22,%22checked%22:0,%22dragID%22:3},{%22value%22:%22Buttonwood (Etobicoke, ON)%22,%22checked%22:0,%22dragID%22:4},{%22value%22:%22Cooksville (Mississauga, ON)%22,%22checked%22:0,%22dragID%22:5},{%22value%22:%22Duffin&#8217;s Bay (Ajax, ON)%22,%22checked%22:0,%22dragID%22:6},{%22value%22:%22Greensborough (Markham, ON)%22,%22checked%22:0,%22dragID%22:7},{%22value%22:%22Maple Hill (Barrie, ON)%22,%22checked%22:0,%22dragID%22:8},{%22value%22:%22Mapleview (Barrie, ON)%22,%22checked%22:0,%22dragID%22:9},{%22value%22:%22Newmarket (Newmarket, ON)%22,%22checked%22:0,%22dragID%22:10},{%22value%22:%22Thickson (Whitby, ON)%22,%22checked%22:0,%22dragID%22:11},{%22value%22:%22Vaughan South (Woodbridge, ON)%22,%22checked%22:0,%22dragID%22:12},{%22value%22:%22(s&#8217;il y a plus d&#8217;un, pr\u00e9cisez dans les d\u00e9tails suppl\u00e9mentaires)%22,%22checked%22:0,%22dragID%22:13}%93&#8243; fullwidth_field=&#8221;on&#8221; _builder_version=&#8221;4.6.5&#8243; hover_enabled=&#8221;0&#8243; sticky_enabled=&#8221;0&#8243;][\/et_pb_contact_field][et_pb_contact_field field_id=&#8221;Message&#8221; field_title=&#8221;D\u00e9tails suppl\u00e9mentaires&#8221; field_type=&#8221;text&#8221; required_mark=&#8221;off&#8221; fullwidth_field=&#8221;on&#8221; _builder_version=&#8221;3.22.4&#8243;][\/et_pb_contact_field][et_pb_contact_field field_id=&#8221;Day&#8221; field_title=&#8221;Jour de la semaine&#8221; field_type=&#8221;checkbox&#8221; checkbox_options=&#8221;%91{%22value%22:%22Lundi%22,%22checked%22:0,%22dragID%22:-1},{%22value%22:%22Mardi%22,%22checked%22:0,%22dragID%22:0},{%22value%22:%22Mercredi%22,%22checked%22:0,%22dragID%22:1},{%22value%22:%22Jeudi%22,%22checked%22:0,%22dragID%22:2},{%22value%22:%22Vendredi%22,%22checked%22:0,%22dragID%22:3}%93&#8243; fullwidth_field=&#8221;on&#8221; _builder_version=&#8221;3.22.4&#8243; custom_css_before=&#8221;content: %22Pr\u00e9f\u00e9rences de visite%22;||font-size: 16pt;||color: #279989;&#8221;][\/et_pb_contact_field][et_pb_contact_field field_id=&#8221;Time&#8221; field_title=&#8221;Heure&#8221; field_type=&#8221;checkbox&#8221; checkbox_options=&#8221;%91{%22value%22:%22Tard dans la soir\u00e9e (17 h \u00e0 18 h)%22,%22checked%22:0,%22dragID%22:-1},{%22value%22:%22Visite virtuelle guid\u00e9e%22,%22checked%22:0,%22dragID%22:0}%93&#8243; fullwidth_field=&#8221;on&#8221; _builder_version=&#8221;4.6.5&#8243;][\/et_pb_contact_field][et_pb_contact_field field_id=&#8221;Campaign&#8221; field_title=&#8221;Veuillez s\u00e9lectionner&#8221; field_type=&#8221;checkbox&#8221; checkbox_options=&#8221;%91{%22value%22:%22Ami \/ membre de la famille%22,%22checked%22:0,%22dragID%22:-1},{%22value%22:%22Parent d&#8217;un \u00e9l\u00e8ve de Enfance Pour Tous%22,%22checked%22:0,%22dragID%22:0},{%22value%22:%22Recherche en ligne%22,%22checked%22:0,%22dragID%22:1},{%22value%22:%22Des m\u00e9dias sociaux (Instagram, Facebook)%22,%22checked%22:0,%22dragID%22:2},{%22value%22:%22Conduit par l&#8217;installation%22,%22checked%22:0,%22dragID%22:3},{%22value%22:%22Publicit\u00e9 \/ M\u00e9dias %22,%22checked%22:0,%22dragID%22:4},{%22value%22:%22\u00c9v\u00e9nement local%22,%22checked%22:0,%22dragID%22:5},{%22value%22:%22Autre%22,%22checked%22:0,%22dragID%22:6}%93&#8243; fullwidth_field=&#8221;on&#8221; _builder_version=&#8221;3.22.4&#8243; custom_css_before=&#8221;||content: %22Comment avez-vous entendu parler d&#8217;Enfance Pour Tous?%22;||font-size: 16pt;||color: #279989;&#8221;][\/et_pb_contact_field][\/et_pb_contact_form][\/et_pb_column][\/et_pb_row][\/et_pb_section][et_pb_section fb_built=&#8221;1&#8243; admin_label=&#8221;Footer&#8221; module_id=&#8221;footer&#8221; _builder_version=&#8221;3.22.4&#8243; background_color=&#8221;#dcd9e8&#8243; min_height=&#8221;50px&#8221; custom_padding=&#8221;0px|0|0px|0px|false|false&#8221; global_module=&#8221;2151&#8243; collapsed=&#8221;off&#8221;][et_pb_row admin_label=&#8221;Social&#8221; _builder_version=&#8221;3.25&#8243;][et_pb_column type=&#8221;4_4&#8243; _builder_version=&#8221;3.25&#8243; custom_padding=&#8221;|||&#8221; custom_padding__hover=&#8221;|||&#8221;][et_pb_social_media_follow _builder_version=&#8221;4.6.5&#8243; custom_margin=&#8221;20px||&#8221;][et_pb_social_media_follow_network social_network=&#8221;facebook&#8221; url=&#8221;https:\/\/www.facebook.com\/enfancepourtous&#8221; _builder_version=&#8221;4.6.5&#8243; background_color=&#8221;#211c34&#8243; follow_button=&#8221;off&#8221; url_new_window=&#8221;on&#8221;]facebook[\/et_pb_social_media_follow_network][et_pb_social_media_follow_network social_network=&#8221;instagram&#8221; url=&#8221;https:\/\/www.instagram.com\/enfancepourtous\/&#8221; _builder_version=&#8221;4.6.5&#8243; background_color=&#8221;#211c34&#8243; follow_button=&#8221;off&#8221; url_new_window=&#8221;on&#8221;]instagram[\/et_pb_social_media_follow_network][\/et_pb_social_media_follow][\/et_pb_column][\/et_pb_row][et_pb_row column_structure=&#8221;1_4,1_4,1_4,1_4&#8243; _builder_version=&#8221;3.25&#8243;][et_pb_column type=&#8221;1_4&#8243; _builder_version=&#8221;3.25&#8243; custom_padding=&#8221;|||&#8221; custom_padding__hover=&#8221;|||&#8221;][et_pb_text admin_label=&#8221;Learning Jungle Schools Menu&#8221; _builder_version=&#8221;3.27.4&#8243; text_font=&#8221;||||||||&#8221; text_line_height=&#8221;1.5em&#8221; link_font=&#8221;||||||||&#8221; ul_font=&#8221;||||||||&#8221; ol_font=&#8221;||||||||&#8221; quote_font=&#8221;||||||||&#8221; header_font=&#8221;|||on|||||&#8221; header_text_color=&#8221;#575194&#8243; header_2_font=&#8221;|700||on|||||&#8221; header_2_text_color=&#8221;#575194&#8243; header_2_font_size=&#8221;16px&#8221; text_line_height_tablet=&#8221;2em&#8221; text_line_height_phone=&#8221;&#8221; text_line_height_last_edited=&#8221;on|desktop&#8221; custom_css_main_element=&#8221;white-space: nowrap;&#8221;]<\/p>\n<h2>ENFANCE POUR TOUS<\/h2>\n<p><a href=\"https:\/\/enfancepourtous.ca\/fr-CA\/philosophie\/\">Philosophie<\/a><br \/> <a href=\"https:\/\/enfancepourtous.ca\/fr-CA\/programmes\/\">Programmes<\/a><br \/> <a href=\"https:\/\/enfancepourtous.ca\/fr-CA\/emplacements\/\">Emplacements<\/a><br \/> <a href=\"https:\/\/enfancepourtous.ca\/fr-CA\/demander-une-visite\/\">Demander une visite<\/a><\/p>\n<p>[\/et_pb_text][\/et_pb_column][et_pb_column type=&#8221;1_4&#8243; _builder_version=&#8221;3.25&#8243; custom_padding=&#8221;|||&#8221; custom_padding__hover=&#8221;|||&#8221;][et_pb_text admin_label=&#8221;Corporate Menu&#8221; _builder_version=&#8221;3.27.4&#8243; text_font=&#8221;||||||||&#8221; text_line_height=&#8221;1.5em&#8221; header_font=&#8221;||||||||&#8221; header_2_font=&#8221;||||||||&#8221; header_2_text_color=&#8221;#211c34&#8243; header_2_font_size=&#8221;18px&#8221; custom_padding=&#8221;26px||&#8221; custom_padding_tablet=&#8221;26px||&#8221; custom_padding_phone=&#8221;&#8221; custom_padding_last_edited=&#8221;on|tablet&#8221; text_line_height_tablet=&#8221;2em&#8221; text_line_height_phone=&#8221;&#8221; text_line_height_last_edited=&#8221;on|tablet&#8221;]<\/p>\n<p><a href=\"https:\/\/enfancepourtous.ca\/fr-CA\/a-propos-de-enfance-pour-tous\/\">\u00c0 propos de Enfance Pour Tous<\/a><br \/><a href=\"https:\/\/enfancepourtous.ca\/fr-CA\/carrieres\/\">Carri\u00e8res<\/a><br \/><a href=\"https:\/\/enfancepourtous.ca\/fr-CA\/nous-contacter\/\">Contacts de l&#8217;entreprise<\/a><br \/><a title=\"Learning Jungle Franchising\" href=\"http:\/\/franchise.learningjungle.com\" target=\"_blank\" rel=\"noopener noreferrer\">Franchisage<\/a><br \/><a href=\"https:\/\/enfancepourtous.ca\/fr-CA\/politique-de-confidentialite\/\">Politique de confidentialit\u00e9<\/a><br \/><a href=\"https:\/\/enfancepourtous.ca\/fr-CA\/termes-et-conditions\/\">Termes &amp; Conditions<\/a><\/p>\n<p>[\/et_pb_text][\/et_pb_column][et_pb_column type=&#8221;1_4&#8243; _builder_version=&#8221;3.25&#8243; custom_padding=&#8221;|||&#8221; custom_padding__hover=&#8221;|||&#8221;][et_pb_text admin_label=&#8221;Parent login header&#8221; _builder_version=&#8221;3.27.4&#8243; text_font=&#8221;||||||||&#8221; text_line_height=&#8221;1em&#8221; link_font=&#8221;||||||||&#8221; ul_font=&#8221;||||||||&#8221; ol_font=&#8221;||||||||&#8221; quote_font=&#8221;||||||||&#8221; header_font=&#8221;|||on|||||&#8221; header_text_color=&#8221;#0d5257&#8243; header_2_font=&#8221;|700||on|||||&#8221; header_2_text_color=&#8221;#279989&#8243; header_2_font_size=&#8221;16px&#8221; custom_padding_tablet=&#8221;24px||&#8221; custom_padding_phone=&#8221;&#8221; custom_padding_last_edited=&#8221;on|tablet&#8221; text_line_height_tablet=&#8221;2em&#8221; text_line_height_phone=&#8221;&#8221; text_line_height_last_edited=&#8221;on|desktop&#8221;]<\/p>\n<h2>Parents<\/h2>\n<p>[\/et_pb_text][et_pb_code admin_label=&#8221;Login form&#8221; _builder_version=&#8221;3.22.4&#8243;]<\/p>\n<form action=\"https:\/\/qc1.learningjungle.com\/Signon.do\" method=\"post\" id=\"signon\"><!-- [et_pb_line_break_holder] -->\t<input type=\"hidden\" name=\"button_processLogin\" value=\"Log in\"><!-- [et_pb_line_break_holder] -->\t<input type=\"hidden\" name=\"processLogin_encoding\" value=\"u\"><!-- [et_pb_line_break_holder] -->\t<input type=\"hidden\" name=\"processLogin_params\" value=\"state=processLogin\"><!-- [et_pb_line_break_holder] --><!-- [et_pb_line_break_holder] -->\t\t<input type=\"hidden\" name=\"cmd\" value=\"button\"><!-- [et_pb_line_break_holder] -->\t<label for=\"LoginName\">S&#8217;identifier<\/label><!-- [et_pb_line_break_holder] -->\t<input type=\"text\" id=\"LoginName\" name=\"LoginName\"><!-- [et_pb_line_break_holder] -->\t<label for=\"Password\">Mot de passe<\/label><!-- [et_pb_line_break_holder] -->\t<input type=\"password\" id=\"Password\" name=\"Password\"><!-- [et_pb_line_break_holder] -->\t<input class=\"butn\" type=\"submit\" value=\"Login\"><!-- [et_pb_line_break_holder] -->\t<!-- [et_pb_line_break_holder] --><\/form>\n<p>[\/et_pb_code][\/et_pb_column][et_pb_column type=&#8221;1_4&#8243; _builder_version=&#8221;3.25&#8243; custom_padding=&#8221;|||&#8221; custom_padding__hover=&#8221;|||&#8221;][\/et_pb_column][\/et_pb_row][et_pb_row _builder_version=&#8221;3.25&#8243;][et_pb_column type=&#8221;4_4&#8243; _builder_version=&#8221;3.25&#8243; custom_padding=&#8221;|||&#8221; custom_padding__hover=&#8221;|||&#8221;][et_pb_image align_tablet=&#8221;center&#8221; align_phone=&#8221;&#8221; align_last_edited=&#8221;on|desktop&#8221; _builder_version=&#8221;3.23&#8243;][\/et_pb_image][\/et_pb_column][\/et_pb_row][\/et_pb_section]<\/p>\n","protected":false},"excerpt":{"rendered":"<p>[et_pb_section fb_built=&#8221;1&#8243; custom_padding_last_edited=&#8221;on|tablet&#8221; admin_label=&#8221;Page Title&#8221; _builder_version=&#8221;3.22.4&#8243; min_height_tablet=&#8221;&#8221; min_height_phone=&#8221;&#8221; min_height_last_edited=&#8221;on|desktop&#8221; custom_padding=&#8221;20px||20px&#8221; custom_padding_tablet=&#8221;&#8221; custom_padding_phone=&#8221;&#8221; global_module=&#8221;1938&#8243; saved_tabs=&#8221;all&#8221;][et_pb_row _builder_version=&#8221;3.25&#8243; width_tablet=&#8221;&#8221; width_phone=&#8221;&#8221; width_last_edited=&#8221;on|tablet&#8221; min_height_tablet=&#8221;&#8221; min_height_phone=&#8221;&#8221; min_height_last_edited=&#8221;on|desktop&#8221; custom_margin_tablet=&#8221;||&#8221; custom_margin_phone=&#8221;&#8221; custom_margin_last_edited=&#8221;on|desktop&#8221;][et_pb_column type=&#8221;4_4&#8243; _builder_version=&#8221;3.25&#8243; custom_padding=&#8221;|||&#8221; custom_padding__hover=&#8221;|||&#8221;][et_pb_post_title meta=&#8221;off&#8221; featured_image=&#8221;off&#8221; _builder_version=&#8221;3.22.4&#8243; title_font=&#8221;||||||||&#8221; custom_css_post_title=&#8221;font-size: 30px;&#8221;][\/et_pb_post_title][\/et_pb_column][\/et_pb_row][\/et_pb_section][et_pb_section fb_built=&#8221;1&#8243; custom_padding_last_edited=&#8221;on|desktop&#8221; disabled_on=&#8221;off|off|off&#8221; _builder_version=&#8221;3.22.4&#8243; custom_margin_tablet=&#8221;&#8221; custom_margin_phone=&#8221;&#8221; custom_margin_last_edited=&#8221;on|tablet&#8221; custom_padding=&#8221;0px|0px|0px|0px&#8221; custom_padding_tablet=&#8221;&#8221; custom_padding_phone=&#8221;&#8221;][et_pb_row column_structure=&#8221;1_2,1_2&#8243; _builder_version=&#8221;4.6.5&#8243; width_tablet=&#8221;100%&#8221; width_phone=&#8221;&#8221; width_last_edited=&#8221;on|tablet&#8221; custom_margin=&#8221;0px||&#8221; custom_padding=&#8221;0px||&#8221;][et_pb_column type=&#8221;1_2&#8243; _builder_version=&#8221;3.25&#8243; custom_padding=&#8221;|0px||0px&#8221; custom_padding_tablet=&#8221;&#8221; [&hellip;]<\/p>\n","protected":false},"author":7,"featured_media":0,"parent":0,"menu_order":0,"comment_status":"closed","ping_status":"closed","template":"","meta":{"_et_pb_use_builder":"on","_et_pb_old_content":"","_et_gb_content_width":"","inline_featured_image":false,"footnotes":""},"_links":{"self":[{"href":"https:\/\/enfancepourtous.ca\/fr-CA\/wp-json\/wp\/v2\/pages\/3538"}],"collection":[{"href":"https:\/\/enfancepourtous.ca\/fr-CA\/wp-json\/wp\/v2\/pages"}],"about":[{"href":"https:\/\/enfancepourtous.ca\/fr-CA\/wp-json\/wp\/v2\/types\/page"}],"author":[{"embeddable":true,"href":"https:\/\/enfancepourtous.ca\/fr-CA\/wp-json\/wp\/v2\/users\/7"}],"replies":[{"embeddable":true,"href":"https:\/\/enfancepourtous.ca\/fr-CA\/wp-json\/wp\/v2\/comments?post=3538"}],"version-history":[{"count":50,"href":"https:\/\/enfancepourtous.ca\/fr-CA\/wp-json\/wp\/v2\/pages\/3538\/revisions"}],"predecessor-version":[{"id":9652,"href":"https:\/\/enfancepourtous.ca\/fr-CA\/wp-json\/wp\/v2\/pages\/3538\/revisions\/9652"}],"wp:attachment":[{"href":"https:\/\/enfancepourtous.ca\/fr-CA\/wp-json\/wp\/v2\/media?parent=3538"}],"curies":[{"name":"wp","href":"https:\/\/api.w.org\/{rel}","templated":true}]}}