{"id":3533,"date":"2020-05-12T16:35:41","date_gmt":"2020-05-12T20:35:41","guid":{"rendered":"https:\/\/enfancepourtous.ca\/fr-CA\/?page_id=3533"},"modified":"2020-05-12T16:35:44","modified_gmt":"2020-05-12T20:35:44","slug":"termes-et-conditions","status":"publish","type":"page","link":"https:\/\/enfancepourtous.ca\/fr-CA\/termes-et-conditions\/","title":{"rendered":"Termes et conditions"},"content":{"rendered":"<p>[et_pb_section fb_built=&#8221;1&#8243; _builder_version=&#8221;3.22.3&#8243;][et_pb_row _builder_version=&#8221;3.22.3&#8243; background_size=&#8221;initial&#8221; background_position=&#8221;top_left&#8221; background_repeat=&#8221;repeat&#8221;][et_pb_column type=&#8221;4_4&#8243; _builder_version=&#8221;3.0.47&#8243;][et_pb_text _builder_version=&#8221;3.22.2&#8243; header_font=&#8221;Open Sans||||||||&#8221; custom_margin=&#8221;30px||30px&#8221;]<\/p>\n<h1>Termes et conditions<\/h1>\n<p>[\/et_pb_text][et_pb_text _builder_version=&#8221;3.22.4&#8243; background_size=&#8221;initial&#8221; background_position=&#8221;top_left&#8221; background_repeat=&#8221;repeat&#8221; custom_margin=&#8221;||30px&#8221;]<\/p>\n<p>Bienvenue sur le site Web d\u2019Enfance Pour Tous (https:\/\/www.enfancepourtous.ca) qui est d\u00e9tenu, exploit\u00e9, autoris\u00e9 ou contr\u00f4l\u00e9 par Devhaus Corporation (\u00abDevhaus\u00bb). L&#8217;utilisation de ce site est r\u00e9gie par les conditions g\u00e9n\u00e9rales \u00e9nonc\u00e9es. VEUILLEZ LIRE ATTENTIVEMENT CES TERMES ET CONDITIONS AVANT D&#8217;UTILISER CE SITE WEB. Les informations et documents fournis par Devhaus ne peuvent \u00eatre utilis\u00e9s qu&#8217;\u00e0 titre informatif. En utilisant, en acc\u00e9dant ou en t\u00e9l\u00e9chargeant du mat\u00e9riel \u00e0 partir de ce site Web, vous vous engagez \u00e0 suivre les termes et dispositions d\u00e9crits dans le pr\u00e9sent avis juridique, qui s&#8217;appliquent \u00e0 toutes les visites sur le site Web d\u2019Enfance Pour Tous, \u00e0 la fois maintenant et \u00e0 l&#8217;avenir. Devhaus peut \u00e0 tout moment r\u00e9viser et mettre \u00e0 jour les conditions g\u00e9n\u00e9rales. Nous vous encourageons \u00e0 visiter r\u00e9guli\u00e8rement cette page pour consulter les conditions g\u00e9n\u00e9rales les plus r\u00e9centes auxquelles vous \u00eates li\u00e9. Si vous n&#8217;acceptez pas ces conditions d&#8217;utilisation, veuillez ne pas utiliser ce site Web.<\/p>\n<p><span style=\"font-size: medium;\"><strong><span size=\"3\">Restrictions<\/span><\/strong><\/span><\/p>\n<p>Vous pouvez afficher, t\u00e9l\u00e9charger et copier les informations et les documents disponibles sur ce site Web uniquement pour votre usage personnel et non commercial. Comme condition d&#8217;utilisation, vous vous engagez \u00e0 ne pas modifier ou r\u00e9viser le mat\u00e9riel de quelque mani\u00e8re que ce soit, et \u00e0 conserver tous les droits d&#8217;auteur et autres avis de propri\u00e9t\u00e9 contenus dans les documents originaux sur toutes les copies des documents. Aucune autre utilisation du mat\u00e9riel ou des informations n&#8217;est autoris\u00e9e. Toute violation de ce qui pr\u00e9c\u00e8de peut entra\u00eener des responsabilit\u00e9s civiles et \/ ou p\u00e9nales.<\/p>\n<p><span style=\"font-size: medium;\"><strong><span size=\"3\">Propri\u00e9t\u00e9 des informations et des mat\u00e9riaux<\/span><\/strong><\/span><\/p>\n<p>Les informations et tous les outils (y compris les plans de cours, les bulletins d&#8217;information, les communiqu\u00e9s de presse et les descriptions de produits \/ services) disponibles sur ou \u00e0 partir de ce site Web sont les \u0153uvres prot\u00e9g\u00e9es par Devhaus, et toute utilisation non autoris\u00e9e de ces informations ou mat\u00e9riaux peut violer les droits d&#8217;auteur, les marques et autres lois . Tous les droits non express\u00e9ment accord\u00e9s ici sont r\u00e9serv\u00e9s.<span>\u00a0<\/span><br \/> <span size=\"3\" style=\"font-size: medium;\"><br \/><strong>Informations sur les marques<\/strong><\/span><\/p>\n<p>Les informations et tous les outils (y compris les plans de cours, les bulletins d&#8217;information, les communiqu\u00e9s de presse et les descriptions de produits \/ services) disponibles sur ou \u00e0 partir de ce site Web sont les \u0153uvres prot\u00e9g\u00e9es par Devhaus, et toute utilisation non autoris\u00e9e de ces informations ou mat\u00e9riaux peut violer les droits d&#8217;auteur, les marques et autres lois . Tous les droits non express\u00e9ment accord\u00e9s ici sont r\u00e9serv\u00e9s.<\/p>\n<p><span style=\"font-size: medium;\"><strong><span size=\"3\">Liens vers d&#8217;autres sites Web<\/span><\/strong><\/span><\/p>\n<p>Pour plus de commodit\u00e9 et pour que le site Web d\u2019Enfance Pour Tous soit vraiment orient\u00e9 vers les services, nous avons inclus des liens vers des sites compl\u00e9mentaires sur Internet. Ces sites sont d\u00e9tenus et exploit\u00e9s par des tiers. Devhaus ne fait aucune repr\u00e9sentation et n&#8217;est pas responsable de la disponibilit\u00e9 ou du contenu situ\u00e9 sur ou via ces sites tiers. Un lien tiers du site Web d\u2019Enfance Pour Tous n&#8217;est pas une indication que Devhaus approuve le tiers ou son site, ou a une affiliation avec ou entre Devhaus et le site d&#8217;h\u00e9bergement tiers.<\/p>\n<p><span style=\"font-size: medium;\"><strong><span size=\"3\">Retour d&#8217;information<\/span><\/strong><\/span><\/p>\n<p>Tous les commentaires, retours, informations ou documents soumis \u00e0 Devhaus par le biais ou en association avec ce site Web seront consid\u00e9r\u00e9s comme non confidentiels et appartiennent \u00e0 Devhaus. En soumettant ses commentaires, informations, ou documents \u00e0 Devhaus, vous acceptez une session sans frais \u00e0 Devhaus des droits mondiaux d&#8217;utilisation, de copie, de modification, d&#8217;affichage et de distribution des soumissions. Devhaus peut utiliser ses commentaires, informations ou documents de la mani\u00e8re qu&#8217;il choisit sans restriction.<\/p>\n<p><span style=\"font-size: 16px;\"><b>Avertissement\u00a0<\/b><\/span><\/p>\n<p>L&#8217;\u00e9quipe Internet de Devhaus s&#8217;efforce de vous fournir des informations utiles, pr\u00e9cises et \u00e0 jour sur ce site Web. En cons\u00e9quence, Devhaus a tent\u00e9 de fournir des informations et des documents exacts sur ce site Web, mais n&#8217;assume aucune responsabilit\u00e9 quant \u00e0 l&#8217;exactitude et l&#8217;exhaustivit\u00e9 de ses informations ou outils. Devhaus peut modifier le contenu de toute information ou mat\u00e9riel disponible sur ce site Web ou des produits qui y sont d\u00e9crits, \u00e0 tout moment et sans pr\u00e9avis. Cependant, Devhaus ne s&#8217;engage pas \u00e0 mettre \u00e0 jour les informations ou les documents sur ce site Web qui, par cons\u00e9quent, peuvent \u00eatre obsol\u00e8tes.<\/p>\n<p>Les informations et opinions exprim\u00e9es dans les babillards ou autres forums ne sont pas n\u00e9cessairement celles de Devhaus. Ni Devhaus, ni ses dirigeants, administrateurs, employ\u00e9s, agents, distributeurs ou soci\u00e9t\u00e9s affili\u00e9es ne sont responsables de tout dommage caus\u00e9 par une perte (y compris, mais sans s&#8217;y limiter, r\u00e9el, cons\u00e9cutif ou punitif), de responsabilit\u00e9, de r\u00e9clamation ou de toute autre blessure ou causes li\u00e9s \u00e0 ou r\u00e9sultant de toute information publi\u00e9e sur le site Web d\u2019Enfance Pour Tous. Devhaus se r\u00e9serve le droit de r\u00e9viser ses conditions et \/ ou restrictions l\u00e9gales \u00e0 tout moment. Vous \u00eates responsable de revoir cette page de temps en temps pour vous assurer de la conformit\u00e9 avec les conditions et restrictions l\u00e9gales alors en vigueur, car elles vous lieront. Certaines dispositions de ces termes et restrictions l\u00e9gales peuvent \u00eatre remplac\u00e9es par des mentions l\u00e9gales ou des termes express\u00e9ment d\u00e9sign\u00e9s situ\u00e9s sur des pages particuli\u00e8res de ce site Web.<\/p>\n<p>TOUTES LES INFORMATIONS ET LE MAT\u00c9RIEL DISPONIBLES SUR CE SITE WEB SONT FOURNIS &#8220;TELS QUELS&#8221; SANS AUCUNE GARANTIE D&#8217;AUCUNE SORTE, EXPRESSE OU IMPLICITE, ET DEVHAUS D\u00c9CLINE TOUTES LES GARANTIES DE QUELQUE NATURE QUE CE SOIT, EXPRESSE OU IMPLICITE, Y COMPRIS LES GARANTIES DE QUALIT\u00c9 MARCHANDE, PARTICULI\u00c8RE , NON-CONTREFA\u00c7ON DE LA PROPRI\u00c9T\u00c9 INTELLECTUELLE OU D\u00c9COULANT D&#8217;UN COURS D&#8217;ENTENTE, D&#8217;UTILISATION OU DE PRATIQUE COMMERCIALE. EN AUCUN CAS DEVHAUS NE SERA TENU RESPONSABLE DES DOMMAGES QUELS QU&#8217;ILS SOIENT (Y COMPRIS, SANS S&#8217;Y LIMITER, LES DOMMAGES INDIRECTS, SP\u00c9CIAUX, CONS\u00c9CUTIFS OU ACCESSOIRES OU CEUX R\u00c9SULTANT DE PERTES DE PROFITS, DE PERTES DE DONN\u00c9ES OU D&#8217;INTERRUPTIONS COMMERCIALES) R\u00c9SULTANT DE L&#8217;UTILISATION, DE L&#8217;IMPOSSIBILIT\u00c9 D&#8217;UTILISATION OU DE LA R\u00c9SULTATS D&#8217;UTILISATION DE CE SITE WEB, DE TOUT SITE WEB LI\u00c9 \u00c0 CE SITE WEB OU DES DOCUMENTS OU INFORMATIONS CONTENUS SUR TOUT OU TOUT CES SITES WEB, QU&#8217;ILS SOIENT FOND\u00c9S SUR LA GARANTIE, LE CONTRAT, LE TORT OU TOUTE AUTRE TH\u00c9ORIE JURIDIQUE ET QU&#8217;ILS SOIENT OU NON INFORM\u00c9S DE LA POSSIBILIT\u00c9 DE TELS D\u00c9G\u00c2TS. SI VOTRE UTILISATION DES MAT\u00c9RIAUX OU DES INFORMATIONS SUR CE SITE WEB R\u00c9SULTAT DANS LE BESOIN D&#8217;ENTRETIEN, DE R\u00c9PARATION OU DE CORRECTION D&#8217;\u00c9QUIPEMENT OU DE DONN\u00c9ES, VOUS EN ASSUMEZ TOUS LES CO\u00dbTS.<\/p>\n<p><span style=\"font-size: medium;\"><strong><span size=\"3\">Cessation d&#8217;utilisation<\/span><\/strong><\/span><\/p>\n<p><span>Devhaus peut, \u00e0 sa seule discr\u00e9tion, r\u00e9silier ou suspendre votre acc\u00e8s \u00e0 tout ou partie du site Web de l&#8217;Enfance Pour Tous, y compris, mais sans s&#8217;y limiter, \u00e0 tous les babillards de son site et au portail My Learning Jungle pour quelque raison que ce soit, y compris, mais sans s&#8217;y limiter, violation de cet accord. Dans le cas o\u00f9 cet accord est r\u00e9sili\u00e9, les restrictions concernant les mat\u00e9riaux apparaissant sur le site et les repr\u00e9sentations et garanties, indemnit\u00e9s et limitations de responsabilit\u00e9 \u00e9nonc\u00e9es dans cet accord survivront \u00e0 une telle r\u00e9siliation.<\/span><\/p>\n<p><span style=\"font-size: medium;\"><strong><span size=\"3\">Loi applicable \/ juridiction du lieu<\/span><\/strong><\/span><\/p>\n<p><span>Le pr\u00e9sent accord est r\u00e9gi et interpr\u00e9t\u00e9 conform\u00e9ment aux lois de la province de l&#8217;Ontario, \u00e0 l&#8217;exclusion de ses principes de choix des lois. Les tribunaux provinciaux de l&#8217;Ontario auront comp\u00e9tence et lieu exclusifs pour tout diff\u00e9rend d\u00e9coulant de ou li\u00e9 \u00e0 la pr\u00e9sente entente, et chaque partie consent par la pr\u00e9sente \u00e0 la comp\u00e9tence et au lieu de ces tribunaux.<\/span><\/p>\n<p><span style=\"font-size: medium;\"><strong><span size=\"3\">Dispositions g\u00e9n\u00e9rales<\/span><\/strong><\/span><\/p>\n<p><span>Si une disposition du pr\u00e9sent accord est jug\u00e9e nulle, ill\u00e9gale ou autrement inapplicable pour quelque raison que ce soit, cette disposition sera dissoci\u00e9e du pr\u00e9sent accord et les autres dispositions du pr\u00e9sent accord resteront en vigueur. Il contient l&#8217;int\u00e9gralit\u00e9 de l&#8217;accord entre vous et Devhaus concernant votre utilisation du site, et l&#8217;accord ne doit pas \u00eatre modifi\u00e9, sauf par \u00e9crit, sign\u00e9 par les deux parties. Si vous avez des questions concernant les conditions g\u00e9n\u00e9rales de Devhaus, veuillez envoyer un e-mail \u00e0: webmaster@devhaus.com.<\/span><\/p>\n<p><span style=\"font-size: medium;\"><strong><span size=\"3\">Politique de confidentialit\u00e9<\/span><\/strong><\/span><\/p>\n<p><span>Voir les divulgations de la politique de confidentialit\u00e9 du site Web concernant la collecte et l&#8217;utilisation de vos informations<\/span><span>.<\/span><\/p>\n<p><span style=\"font-size: medium;\"><strong><span size=\"3\">Marques de commerce<\/span><\/strong><\/span><\/p>\n<p><span>Learning Jungle, le logo Learning Jungle, My Learning Jungle et les noms de Learning Jungle School sont des marques d\u00e9pos\u00e9es ou des marques commerciales de Devhaus Corporation au Canada, aux \u00c9tats-Unis et \/ ou dans d&#8217;autres pays.<\/span><\/p>\n<h3><\/h3>\n<p>[\/et_pb_text][\/et_pb_column][\/et_pb_row][et_pb_row _builder_version=&#8221;3.22.3&#8243;][et_pb_column type=&#8221;4_4&#8243; _builder_version=&#8221;3.19.18&#8243;][\/et_pb_column][\/et_pb_row][\/et_pb_section][et_pb_section fb_built=&#8221;1&#8243; admin_label=&#8221;Footer&#8221; module_id=&#8221;footer&#8221; _builder_version=&#8221;3.22.4&#8243; background_color=&#8221;#dcd9e8&#8243; min_height=&#8221;50px&#8221; custom_padding=&#8221;0px|0|0px|0px|false|false&#8221; global_module=&#8221;2151&#8243; collapsed=&#8221;off&#8221;][et_pb_row admin_label=&#8221;Social&#8221; _builder_version=&#8221;3.22.4&#8243;][et_pb_column type=&#8221;4_4&#8243; _builder_version=&#8221;3.22.4&#8243;][et_pb_social_media_follow _builder_version=&#8221;3.22.4&#8243; custom_margin=&#8221;20px||&#8221;][et_pb_social_media_follow_network social_network=&#8221;facebook&#8221; url=&#8221;http:\/\/facebook.com\/learningjunglecanada&#8221; _builder_version=&#8221;3.22.4&#8243; background_color=&#8221;#211c34&#8243; follow_button=&#8221;off&#8221; url_new_window=&#8221;on&#8221;]facebook[\/et_pb_social_media_follow_network][et_pb_social_media_follow_network social_network=&#8221;instagram&#8221; url=&#8221;http:\/\/www.instagram.com\/learningjungle&#8221; _builder_version=&#8221;3.22.4&#8243; background_color=&#8221;#211c34&#8243; follow_button=&#8221;off&#8221; url_new_window=&#8221;on&#8221;]instagram[\/et_pb_social_media_follow_network][\/et_pb_social_media_follow][\/et_pb_column][\/et_pb_row][et_pb_row _builder_version=&#8221;3.22.4&#8243;][et_pb_column type=&#8221;1_4&#8243; _builder_version=&#8221;3.22.4&#8243;][et_pb_text admin_label=&#8221;Learning Jungle Schools Menu&#8221; _builder_version=&#8221;3.22.4&#8243; text_font=&#8221;||||||||&#8221; text_line_height=&#8221;1.5em&#8221; text_line_height_tablet=&#8221;2em&#8221; text_line_height_last_edited=&#8221;on|desktop&#8221; link_font=&#8221;||||||||&#8221; ul_font=&#8221;||||||||&#8221; ol_font=&#8221;||||||||&#8221; quote_font=&#8221;||||||||&#8221; header_font=&#8221;|||on|||||&#8221; header_text_color=&#8221;#575194&#8243; header_2_font=&#8221;|700||on|||||&#8221; header_2_text_color=&#8221;#575194&#8243; header_2_font_size=&#8221;16px&#8221; custom_css_main_element=&#8221;white-space: nowrap;&#8221;]<\/p>\n<h2>ENFANCE POUR TOUS<\/h2>\n<p><a href=\"https:\/\/enfancepourtous.ca\/fr-CA\/our-philosophy\/\">Philosophie<\/a><br \/><a href=\"https:\/\/enfancepourtous.ca\/fr-CA\/our-programs\/\">Programmes<\/a><br \/> <a href=\"https:\/\/enfancepourtous.ca\/fr-CA\/our-locations\/\">Emplacements<\/a><br \/> <a href=\"https:\/\/enfancepourtous.ca\/fr-CA\/request-a-tour\/\">Demander une visite<\/a><\/p>\n<p>[\/et_pb_text][\/et_pb_column][et_pb_column type=&#8221;1_4&#8243; _builder_version=&#8221;3.22.4&#8243;][et_pb_text admin_label=&#8221;Corporate Menu&#8221; _builder_version=&#8221;3.22.4&#8243; text_font=&#8221;||||||||&#8221; text_line_height=&#8221;1.5em&#8221; text_line_height_tablet=&#8221;2em&#8221; text_line_height_last_edited=&#8221;on|tablet&#8221; header_font=&#8221;||||||||&#8221; header_2_font=&#8221;||||||||&#8221; header_2_text_color=&#8221;#211c34&#8243; header_2_font_size=&#8221;18px&#8221; custom_padding=&#8221;26px||&#8221; custom_padding_tablet=&#8221;26px||&#8221; custom_padding_last_edited=&#8221;on|tablet&#8221;]<\/p>\n<p><a href=\"https:\/\/enfancepourtous.ca\/fr-CA\/about-learning-jungle\/\">\u00c0 propos de Enfance Pour Tous<\/a><br \/> <a href=\"https:\/\/enfancepourtous.ca\/fr-CA\/careers\/\">Carri\u00e8res<\/a><br \/> <a href=\"https:\/\/enfancepourtous.ca\/fr-CA\/contact-us\/\">Nous contacter<\/a><br \/> <a href=\"http:\/\/franchise.learningjungle.com\" target=\"_blank\" rel=\"noopener noreferrer\" title=\"Learning Jungle Franchising\">Franchisage<\/a><br \/> <a href=\"https:\/\/enfancepourtous.ca\/fr-CA\/privacy-policy\/\">Politique de confidentialit\u00e9<\/a><br \/> <a href=\"https:\/\/enfancepourtous.ca\/fr-CA\/termsandconditions\/\">Termes &amp; Conditions<\/a><\/p>\n<p>[\/et_pb_text][\/et_pb_column][et_pb_column type=&#8221;1_4&#8243; _builder_version=&#8221;3.22.4&#8243;][et_pb_text admin_label=&#8221;Parent login header&#8221; _builder_version=&#8221;3.22.4&#8243; text_font=&#8221;||||||||&#8221; text_line_height=&#8221;1em&#8221; text_line_height_tablet=&#8221;2em&#8221; text_line_height_last_edited=&#8221;on|desktop&#8221; link_font=&#8221;||||||||&#8221; ul_font=&#8221;||||||||&#8221; ol_font=&#8221;||||||||&#8221; quote_font=&#8221;||||||||&#8221; header_font=&#8221;|||on|||||&#8221; header_text_color=&#8221;#0d5257&#8243; header_2_font=&#8221;|700||on|||||&#8221; header_2_text_color=&#8221;#279989&#8243; header_2_font_size=&#8221;16px&#8221; custom_padding_tablet=&#8221;24px||&#8221; custom_padding_last_edited=&#8221;on|tablet&#8221;]<\/p>\n<h2>Parents<\/h2>\n<p>[\/et_pb_text][et_pb_code admin_label=&#8221;Login form&#8221; _builder_version=&#8221;3.22.4&#8243;]<\/p>\n<form action=\"https:\/\/qc1.learningjungle.com\/Signon.do\" method=\"post\" id=\"signon\"><!-- [et_pb_line_break_holder] -->\t<input type=\"hidden\" name=\"button_processLogin\" value=\"Log in\"><!-- [et_pb_line_break_holder] -->\t<input type=\"hidden\" name=\"processLogin_encoding\" value=\"u\"><!-- [et_pb_line_break_holder] -->\t<input type=\"hidden\" name=\"processLogin_params\" value=\"state=processLogin\"><!-- [et_pb_line_break_holder] --><!-- [et_pb_line_break_holder] -->\t\t<input type=\"hidden\" name=\"cmd\" value=\"button\"><!-- [et_pb_line_break_holder] -->\t<label for=\"LoginName\">S&#8217;identifier<\/label><!-- [et_pb_line_break_holder] -->\t<input type=\"text\" id=\"LoginName\" name=\"LoginName\"><!-- [et_pb_line_break_holder] -->\t<label for=\"Password\">Mot de passe<\/label><!-- [et_pb_line_break_holder] -->\t<input type=\"password\" id=\"Password\" name=\"Password\"><!-- [et_pb_line_break_holder] -->\t<input class=\"butn\" type=\"submit\" value=\"Login\"><!-- [et_pb_line_break_holder] -->\t<!-- [et_pb_line_break_holder] --><\/form>\n<p>[\/et_pb_code][\/et_pb_column][et_pb_column type=&#8221;1_4&#8243; _builder_version=&#8221;3.22.4&#8243;][\/et_pb_column][\/et_pb_row][\/et_pb_section]<\/p>\n","protected":false},"excerpt":{"rendered":"<p>[et_pb_section fb_built=&#8221;1&#8243; _builder_version=&#8221;3.22.3&#8243;][et_pb_row _builder_version=&#8221;3.22.3&#8243; background_size=&#8221;initial&#8221; background_position=&#8221;top_left&#8221; background_repeat=&#8221;repeat&#8221;][et_pb_column type=&#8221;4_4&#8243; _builder_version=&#8221;3.0.47&#8243;][et_pb_text _builder_version=&#8221;3.22.2&#8243; header_font=&#8221;Open Sans||||||||&#8221; custom_margin=&#8221;30px||30px&#8221;] Termes et conditions [\/et_pb_text][et_pb_text _builder_version=&#8221;3.22.4&#8243; background_size=&#8221;initial&#8221; background_position=&#8221;top_left&#8221; background_repeat=&#8221;repeat&#8221; custom_margin=&#8221;||30px&#8221;] Bienvenue sur le site Web d\u2019Enfance Pour Tous (https:\/\/www.enfancepourtous.ca) qui est d\u00e9tenu, exploit\u00e9, autoris\u00e9 ou contr\u00f4l\u00e9 par Devhaus Corporation (\u00abDevhaus\u00bb). L&#8217;utilisation de ce site est r\u00e9gie par les conditions g\u00e9n\u00e9rales \u00e9nonc\u00e9es. VEUILLEZ LIRE [&hellip;]<\/p>\n","protected":false},"author":7,"featured_media":0,"parent":0,"menu_order":0,"comment_status":"closed","ping_status":"open","template":"","meta":{"_et_pb_use_builder":"on","_et_pb_old_content":"<h2>Who we are<\/h2><p>Our website address is: https:\/\/enfancepourtous.ca\/fr-CA.<\/p><h2>What personal data we collect and why we collect it<\/h2><h3>Comments<\/h3><p>When visitors leave comments on the site we collect the data shown in the comments form, and also the visitor\u2019s IP address and browser user agent string to help spam detection.<\/p><p>An anonymized string created from your email address (also called a hash) may be provided to the Gravatar service to see if you are using it. The Gravatar service privacy policy is available here: https:\/\/automattic.com\/privacy\/. After approval of your comment, your profile picture is visible to the public in the context of your comment.<\/p><h3>Media<\/h3><p>If you upload images to the website, you should avoid uploading images with embedded location data (EXIF GPS) included. Visitors to the website can download and extract any location data from images on the website.<\/p><h3>Contact forms<\/h3><h3>Cookies<\/h3><p>If you leave a comment on our site you may opt-in to saving your name, email address and website in cookies. These are for your convenience so that you do not have to fill in your details again when you leave another comment. These cookies will last for one year.<\/p><p>If you have an account and you log in to this site, we will set a temporary cookie to determine if your browser accepts cookies. This cookie contains no personal data and is discarded when you close your browser.<\/p><p>When you log in, we will also set up several cookies to save your login information and your screen display choices. Login cookies last for two days, and screen options cookies last for a year. If you select \"Remember Me\", your login will persist for two weeks. If you log out of your account, the login cookies will be removed.<\/p><p>If you edit or publish an article, an additional cookie will be saved in your browser. This cookie includes no personal data and simply indicates the post ID of the article you just edited. It expires after 1 day.<\/p><h3>Embedded content from other websites<\/h3><p>Articles on this site may include embedded content (e.g. videos, images, articles, etc.). Embedded content from other websites behaves in the exact same way as if the visitor has visited the other website.<\/p><p>These websites may collect data about you, use cookies, embed additional third-party tracking, and monitor your interaction with that embedded content, including tracking your interaction with the embedded content if you have an account and are logged in to that website.<\/p><h3>Analytics<\/h3><h2>Who we share your data with<\/h2><h2>How long we retain your data<\/h2><p>If you leave a comment, the comment and its metadata are retained indefinitely. This is so we can recognize and approve any follow-up comments automatically instead of holding them in a moderation queue.<\/p><p>For users that register on our website (if any), we also store the personal information they provide in their user profile. All users can see, edit, or delete their personal information at any time (except they cannot change their username). Website administrators can also see and edit that information.<\/p><h2>What rights you have over your data<\/h2><p>If you have an account on this site, or have left comments, you can request to receive an exported file of the personal data we hold about you, including any data you have provided to us. You can also request that we erase any personal data we hold about you. This does not include any data we are obliged to keep for administrative, legal, or security purposes.<\/p><h2>Where we send your data<\/h2><p>Visitor comments may be checked through an automated spam detection service.<\/p><h2>Your contact information<\/h2><h2>Additional information<\/h2><h3>How we protect your data<\/h3><h3>What data breach procedures we have in place<\/h3><h3>What third parties we receive data from<\/h3><h3>What automated decision making and\/or profiling we do with user data<\/h3><h3>Industry regulatory disclosure requirements<\/h3>","_et_gb_content_width":"","inline_featured_image":false,"footnotes":""},"_links":{"self":[{"href":"https:\/\/enfancepourtous.ca\/fr-CA\/wp-json\/wp\/v2\/pages\/3533"}],"collection":[{"href":"https:\/\/enfancepourtous.ca\/fr-CA\/wp-json\/wp\/v2\/pages"}],"about":[{"href":"https:\/\/enfancepourtous.ca\/fr-CA\/wp-json\/wp\/v2\/types\/page"}],"author":[{"embeddable":true,"href":"https:\/\/enfancepourtous.ca\/fr-CA\/wp-json\/wp\/v2\/users\/7"}],"replies":[{"embeddable":true,"href":"https:\/\/enfancepourtous.ca\/fr-CA\/wp-json\/wp\/v2\/comments?post=3533"}],"version-history":[{"count":5,"href":"https:\/\/enfancepourtous.ca\/fr-CA\/wp-json\/wp\/v2\/pages\/3533\/revisions"}],"predecessor-version":[{"id":3621,"href":"https:\/\/enfancepourtous.ca\/fr-CA\/wp-json\/wp\/v2\/pages\/3533\/revisions\/3621"}],"wp:attachment":[{"href":"https:\/\/enfancepourtous.ca\/fr-CA\/wp-json\/wp\/v2\/media?parent=3533"}],"curies":[{"name":"wp","href":"https:\/\/api.w.org\/{rel}","templated":true}]}}