{"id":3526,"date":"2020-05-12T16:34:43","date_gmt":"2020-05-12T20:34:43","guid":{"rendered":"https:\/\/enfancepourtous.ca\/fr-CA\/?page_id=3526"},"modified":"2020-05-12T16:34:46","modified_gmt":"2020-05-12T20:34:46","slug":"politique-de-confidentialite","status":"publish","type":"page","link":"https:\/\/enfancepourtous.ca\/fr-CA\/politique-de-confidentialite\/","title":{"rendered":"Politique de confidentialit\u00e9"},"content":{"rendered":"<p>[et_pb_section fb_built=&#8221;1&#8243; custom_padding_last_edited=&#8221;on|tablet&#8221; admin_label=&#8221;Page Title&#8221; _builder_version=&#8221;3.22.4&#8243; min_height_last_edited=&#8221;on|desktop&#8221; custom_padding=&#8221;20px||20px&#8221; global_module=&#8221;1938&#8243; saved_tabs=&#8221;all&#8221;][et_pb_row _builder_version=&#8221;3.22.4&#8243; width_last_edited=&#8221;on|tablet&#8221; min_height_last_edited=&#8221;on|desktop&#8221; custom_margin_tablet=&#8221;||&#8221; custom_margin_last_edited=&#8221;on|desktop&#8221;][et_pb_column type=&#8221;4_4&#8243; _builder_version=&#8221;3.19.18&#8243;][et_pb_post_title meta=&#8221;off&#8221; featured_image=&#8221;off&#8221; _builder_version=&#8221;3.22.4&#8243; title_font=&#8221;||||||||&#8221; custom_css_post_title=&#8221;font-size: 30px;&#8221;][\/et_pb_post_title][\/et_pb_column][\/et_pb_row][\/et_pb_section][et_pb_section fb_built=&#8221;1&#8243; _builder_version=&#8221;3.22.3&#8243;][et_pb_row _builder_version=&#8221;3.22.3&#8243; background_size=&#8221;initial&#8221; background_position=&#8221;top_left&#8221; background_repeat=&#8221;repeat&#8221;][et_pb_column type=&#8221;4_4&#8243; _builder_version=&#8221;3.0.47&#8243;][et_pb_text _builder_version=&#8221;3.22.2&#8243; background_size=&#8221;initial&#8221; background_position=&#8221;top_left&#8221; background_repeat=&#8221;repeat&#8221;]<\/p>\n<p>L&#8217;internet est un outil incroyable. Il a le pouvoir de changer notre fa\u00e7on de vivre, et nous commen\u00e7ons \u00e0 voir ce potentiel aujourd&#8217;hui. En quelques clics seulement, vous pouvez suivre l&#8217;actualit\u00e9, rechercher des faits, acheter des biens et des services et communiquer avec d&#8217;autres personnes du monde entier. Il est important pour Devhaus Corporation (\u00abDevhaus\u00bb) d&#8217;aider nos clients \u00e0 conserver leur vie priv\u00e9e lorsqu&#8217;ils profitent de tout ce que l&#8217;Internet a \u00e0 offrir.<\/p>\n<p>Nous pensons que vos affaires ne concernent pas les autres. Votre vie priv\u00e9e est importante pour vous et pour nous. Nous prot\u00e9gerons donc les informations que vous partagez avec nous. Pour prot\u00e9ger votre vie priv\u00e9e, Devhaus suit des principes conformes aux pratiques mondiales en mati\u00e8re de confidentialit\u00e9 des clients et de protection des donn\u00e9es.<\/p>\n<p><span style=\"font-size: 14px;\">Nous ne vendrons ni ne donnerons votre nom, votre adresse postale, votre num\u00e9ro de t\u00e9l\u00e9phone, votre adresse e-mail, votre num\u00e9ro de carte de cr\u00e9dit ou toute autre information \u00e0 quiconque. Nous utilisons des mesures de s\u00e9curit\u00e9 de pointe pour prot\u00e9ger vos informations contre les utilisateurs non autoris\u00e9s.<\/span><\/p>\n<p><span style=\"font-size: medium;\"><span size=\"3\">Remarques<\/span><\/span><\/p>\n<p>Nous vous demanderons que lorsque nous avons besoin d&#8217;informations qui vous identifient personnellement (informations personnelles) ou nous permettent de vous contacter. G\u00e9n\u00e9ralement, ces informations sont demand\u00e9es lors de l&#8217;inscription \u00e0 une garderie Enfance Pour Tous. Nous utilisons vos informations personnelles \u00e0 quatre fins principales:<\/p>\n<ol>\n<li>Pour vous permettre d&#8217;acc\u00e9der au dossier de votre enfant, qui comprend des photos, des plans de cours et des infos lettres.<\/li>\n<li>Pour vous permettre d&#8217;acc\u00e9der \u00e0 votre relev\u00e9 de compte.<\/li>\n<li>Pour nous aider \u00e0 cr\u00e9er le contenu le plus pertinent pour vous.<\/li>\n<li>Pour vous faciliter l&#8217;utilisation du site en \u00e9vitant d&#8217;avoir \u00e0 saisir plusieurs fois les informations.<\/li>\n<\/ol>\n<p><span style=\"font-size: medium;\">Consentement<\/span><\/p>\n<p>Si vous choisissez de ne pas vous inscrire ou d&#8217;accepter le formulaire d&#8217;autorisation de portfolio en ligne lors de votre inscription \u00e0 la garderie, vous pouvez toujours utiliser la plupart du site web d\u2019Enfance Pour Tous. Mais vous ne pourrez pas acc\u00e9der aux zones n\u00e9cessitant une inscription, par ex. le portail Enfance Pour Tous, qui contient le dossier de votre enfant et vos relev\u00e9s de compte.<\/p>\n<p>Si vous d\u00e9cidez de vous inscrire, vous pourrez s\u00e9lectionner les types d&#8217;informations que vous souhaitez recevoir de notre part en vous abonnant \u00e0 divers services, tels que nos infos lettres \u00e9lectroniques, notre dossier en ligne, nos alertes et nos relev\u00e9s de compte \u00e9lectroniques.<\/p>\n<p><span size=\"3\" style=\"font-size: medium;\">Acc\u00e8s<\/span><\/p>\n<p>Nous vous fournirons les moyens de vous assurer que vos informations personnelles sont correctes et \u00e0 jour. Vous pouvez consulter et mettre \u00e0 jour ces informations \u00e0 tout moment \u00e0 la garderie Enfance Pour Tous de votre enfant. L\u00e0, vous pouvez:<\/p>\n<p>1. Affichez et modifiez les informations personnelles que vous nous avez d\u00e9j\u00e0 fournies. <br \/>2. S&#8217;inscrire. Une fois inscrit, vous n&#8217;aurez plus besoin de le refaire. O\u00f9 que vous alliez sur le site Web d\u2019Enfance Pour Tous, vos informations restent avec vous.<\/p>\n<p><span size=\"3\" style=\"font-size: medium;\">S\u00e9curit\u00e9<\/span><\/p>\n<p>Devhaus a pris des mesures efficaces pour prot\u00e9ger la s\u00e9curit\u00e9 de vos informations personnelles et pour garantir que vos choix d&#8217;utilisations pr\u00e9vus soient respect\u00e9s. Nous prenons de fortes pr\u00e9cautions pour prot\u00e9ger vos donn\u00e9es contre la perte, l&#8217;utilisation abusive, l&#8217;acc\u00e8s ou la divulgation non autoris\u00e9s, l&#8217;alt\u00e9ration ou la destruction.<\/p>\n<p>Lorsque vous acc\u00e9dez aux informations de votre compte personnel, vous utilisez un logiciel de serveur s\u00e9curis\u00e9 SSL, qui crypte vos informations personnelles avant leur envoi sur Internet. SSL est l&#8217;une des technologies de cryptage les plus s\u00fbres disponibles.<\/p>\n<p>Devhaus prot\u00e8ge strictement la s\u00e9curit\u00e9 de vos informations personnelles et honore vos choix pour l&#8217;usage auquel ils sont destin\u00e9s. Nous prot\u00e9geons soigneusement vos donn\u00e9es contre la perte, l&#8217;utilisation abusive, l&#8217;acc\u00e8s ou la divulgation non autoris\u00e9s, l&#8217;alt\u00e9ration ou la destruction.<\/p>\n<p>Vos informations personnelles ne sont jamais partag\u00e9es en dehors de l&#8217;entreprise sans votre autorisation. Au sein de l&#8217;entreprise, les donn\u00e9es sont stock\u00e9es sur des serveurs contr\u00f4l\u00e9s par un mot de passe avec un acc\u00e8s limit\u00e9. Vos informations peuvent \u00eatre stock\u00e9es et trait\u00e9es au Canada ou dans tout autre pays o\u00f9 se trouve Devhaus, ses filiales, soci\u00e9t\u00e9s affili\u00e9es ou agents.<\/p>\n<p>Vous avez \u00e9galement un r\u00f4le important dans la protection de vos informations. Personne ne peut voir ou modifier vos informations personnelles sans conna\u00eetre votre nom d&#8217;utilisateur et votre mot de passe, alors ne les partagez pas avec d&#8217;autres.<\/p>\n<p><span size=\"3\" style=\"font-size: medium;\">Profiles des clients<\/span><\/p>\n<p>Comme mentionn\u00e9 ci-dessus, chaque client enregistr\u00e9 a un profil personnel unique. Chaque profil se voit attribuer un num\u00e9ro d&#8217;identification personnel unique, ce qui nous aide \u00e0 garantir que vous seul pouvez acc\u00e9der \u00e0 votre profil.<\/p>\n<p>Lorsque vous vous inscrivez dans une garderie, nous cr\u00e9ons votre profil, et nous vous attribuons un num\u00e9ro d&#8217;identification personnel. Ce code est uniquement le v\u00f4tre. C&#8217;est votre passeport pour voyager en toute transparence sur le site Web d\u2019Enfance Pour Tous, vous permettant d&#8217;acc\u00e9der au dossier de votre enfant, aux relev\u00e9s de compte et aux lettres d&#8217;information du centre sans avoir \u00e0 remplir les formulaires d&#8217;inscription avec les informations que vous avez d\u00e9j\u00e0 fournies. M\u00eame si vous changez d&#8217;ordinateur, vous n&#8217;aurez pas \u00e0 vous r\u00e9inscrire &#8211; utilisez simplement votre ID utilisateur pour vous identifier.<\/p>\n<h3><\/h3>\n<p>[\/et_pb_text][\/et_pb_column][\/et_pb_row][et_pb_row _builder_version=&#8221;3.22.3&#8243;][et_pb_column type=&#8221;4_4&#8243; _builder_version=&#8221;3.19.18&#8243;][\/et_pb_column][\/et_pb_row][\/et_pb_section]<\/p>\n","protected":false},"excerpt":{"rendered":"<p>[et_pb_section fb_built=&#8221;1&#8243; custom_padding_last_edited=&#8221;on|tablet&#8221; admin_label=&#8221;Page Title&#8221; _builder_version=&#8221;3.22.4&#8243; min_height_last_edited=&#8221;on|desktop&#8221; custom_padding=&#8221;20px||20px&#8221; global_module=&#8221;1938&#8243; saved_tabs=&#8221;all&#8221;][et_pb_row _builder_version=&#8221;3.22.4&#8243; width_last_edited=&#8221;on|tablet&#8221; min_height_last_edited=&#8221;on|desktop&#8221; custom_margin_tablet=&#8221;||&#8221; custom_margin_last_edited=&#8221;on|desktop&#8221;][et_pb_column type=&#8221;4_4&#8243; _builder_version=&#8221;3.19.18&#8243;][et_pb_post_title meta=&#8221;off&#8221; featured_image=&#8221;off&#8221; _builder_version=&#8221;3.22.4&#8243; title_font=&#8221;||||||||&#8221; custom_css_post_title=&#8221;font-size: 30px;&#8221;][\/et_pb_post_title][\/et_pb_column][\/et_pb_row][\/et_pb_section][et_pb_section fb_built=&#8221;1&#8243; _builder_version=&#8221;3.22.3&#8243;][et_pb_row _builder_version=&#8221;3.22.3&#8243; background_size=&#8221;initial&#8221; background_position=&#8221;top_left&#8221; background_repeat=&#8221;repeat&#8221;][et_pb_column type=&#8221;4_4&#8243; _builder_version=&#8221;3.0.47&#8243;][et_pb_text _builder_version=&#8221;3.22.2&#8243; background_size=&#8221;initial&#8221; background_position=&#8221;top_left&#8221; background_repeat=&#8221;repeat&#8221;] L&#8217;internet est un outil incroyable. Il a le pouvoir de changer notre fa\u00e7on de vivre, et nous commen\u00e7ons \u00e0 voir [&hellip;]<\/p>\n","protected":false},"author":7,"featured_media":0,"parent":0,"menu_order":0,"comment_status":"closed","ping_status":"open","template":"","meta":{"_et_pb_use_builder":"on","_et_pb_old_content":"<h2>Who we are<\/h2><p>Our website address is: https:\/\/enfancepourtous.ca\/fr-CA.<\/p><h2>What personal data we collect and why we collect it<\/h2><h3>Comments<\/h3><p>When visitors leave comments on the site we collect the data shown in the comments form, and also the visitor\u2019s IP address and browser user agent string to help spam detection.<\/p><p>An anonymized string created from your email address (also called a hash) may be provided to the Gravatar service to see if you are using it. The Gravatar service privacy policy is available here: https:\/\/automattic.com\/privacy\/. After approval of your comment, your profile picture is visible to the public in the context of your comment.<\/p><h3>Media<\/h3><p>If you upload images to the website, you should avoid uploading images with embedded location data (EXIF GPS) included. Visitors to the website can download and extract any location data from images on the website.<\/p><h3>Contact forms<\/h3><h3>Cookies<\/h3><p>If you leave a comment on our site you may opt-in to saving your name, email address and website in cookies. These are for your convenience so that you do not have to fill in your details again when you leave another comment. These cookies will last for one year.<\/p><p>If you have an account and you log in to this site, we will set a temporary cookie to determine if your browser accepts cookies. This cookie contains no personal data and is discarded when you close your browser.<\/p><p>When you log in, we will also set up several cookies to save your login information and your screen display choices. Login cookies last for two days, and screen options cookies last for a year. If you select \"Remember Me\", your login will persist for two weeks. If you log out of your account, the login cookies will be removed.<\/p><p>If you edit or publish an article, an additional cookie will be saved in your browser. This cookie includes no personal data and simply indicates the post ID of the article you just edited. It expires after 1 day.<\/p><h3>Embedded content from other websites<\/h3><p>Articles on this site may include embedded content (e.g. videos, images, articles, etc.). Embedded content from other websites behaves in the exact same way as if the visitor has visited the other website.<\/p><p>These websites may collect data about you, use cookies, embed additional third-party tracking, and monitor your interaction with that embedded content, including tracking your interaction with the embedded content if you have an account and are logged in to that website.<\/p><h3>Analytics<\/h3><h2>Who we share your data with<\/h2><h2>How long we retain your data<\/h2><p>If you leave a comment, the comment and its metadata are retained indefinitely. This is so we can recognize and approve any follow-up comments automatically instead of holding them in a moderation queue.<\/p><p>For users that register on our website (if any), we also store the personal information they provide in their user profile. All users can see, edit, or delete their personal information at any time (except they cannot change their username). Website administrators can also see and edit that information.<\/p><h2>What rights you have over your data<\/h2><p>If you have an account on this site, or have left comments, you can request to receive an exported file of the personal data we hold about you, including any data you have provided to us. You can also request that we erase any personal data we hold about you. This does not include any data we are obliged to keep for administrative, legal, or security purposes.<\/p><h2>Where we send your data<\/h2><p>Visitor comments may be checked through an automated spam detection service.<\/p><h2>Your contact information<\/h2><h2>Additional information<\/h2><h3>How we protect your data<\/h3><h3>What data breach procedures we have in place<\/h3><h3>What third parties we receive data from<\/h3><h3>What automated decision making and\/or profiling we do with user data<\/h3><h3>Industry regulatory disclosure requirements<\/h3>","_et_gb_content_width":"","inline_featured_image":false,"footnotes":""},"_links":{"self":[{"href":"https:\/\/enfancepourtous.ca\/fr-CA\/wp-json\/wp\/v2\/pages\/3526"}],"collection":[{"href":"https:\/\/enfancepourtous.ca\/fr-CA\/wp-json\/wp\/v2\/pages"}],"about":[{"href":"https:\/\/enfancepourtous.ca\/fr-CA\/wp-json\/wp\/v2\/types\/page"}],"author":[{"embeddable":true,"href":"https:\/\/enfancepourtous.ca\/fr-CA\/wp-json\/wp\/v2\/users\/7"}],"replies":[{"embeddable":true,"href":"https:\/\/enfancepourtous.ca\/fr-CA\/wp-json\/wp\/v2\/comments?post=3526"}],"version-history":[{"count":5,"href":"https:\/\/enfancepourtous.ca\/fr-CA\/wp-json\/wp\/v2\/pages\/3526\/revisions"}],"predecessor-version":[{"id":3532,"href":"https:\/\/enfancepourtous.ca\/fr-CA\/wp-json\/wp\/v2\/pages\/3526\/revisions\/3532"}],"wp:attachment":[{"href":"https:\/\/enfancepourtous.ca\/fr-CA\/wp-json\/wp\/v2\/media?parent=3526"}],"curies":[{"name":"wp","href":"https:\/\/api.w.org\/{rel}","templated":true}]}}