{"id":3496,"date":"2020-05-12T16:33:36","date_gmt":"2020-05-12T20:33:36","guid":{"rendered":"https:\/\/enfancepourtous.ca\/fr-CA\/?page_id=3496"},"modified":"2020-06-01T13:17:22","modified_gmt":"2020-06-01T17:17:22","slug":"nous-contacter","status":"publish","type":"page","link":"https:\/\/enfancepourtous.ca\/fr-CA\/nous-contacter\/","title":{"rendered":"Nous contacter"},"content":{"rendered":"<p>[et_pb_section fb_built=&#8221;1&#8243; _builder_version=&#8221;3.22.3&#8243;][et_pb_row _builder_version=&#8221;3.22.3&#8243;][et_pb_column type=&#8221;4_4&#8243; _builder_version=&#8221;3.19.18&#8243;][et_pb_text _builder_version=&#8221;3.22.2&#8243; header_font=&#8221;Open Sans||||||||&#8221; custom_margin=&#8221;30px||30px&#8221;]<\/p>\n<h1>Contactez nous<\/h1>\n<p>[\/et_pb_text][\/et_pb_column][\/et_pb_row][et_pb_row _builder_version=&#8221;3.22.4&#8243; width_phone=&#8221;95%&#8221; width_last_edited=&#8221;on|phone&#8221;][et_pb_column type=&#8221;2_5&#8243; _builder_version=&#8221;3.22.2&#8243;][et_pb_text disabled_on=&#8221;on|off|off&#8221; _builder_version=&#8221;3.22.4&#8243; text_font=&#8221;||||||||&#8221; header_font=&#8221;Lato|300|||||||&#8221; header_text_align=&#8221;center&#8221; header_font_size=&#8221;14px&#8221; background_color=&#8221;#dce7e5&#8243; background_image=&#8221;https:\/\/enfancepourtous.ca\/fr-CA\/wp-content\/uploads\/2019\/04\/maplehill-interior-1.jpg&#8221; border_color_all=&#8221;#000000&#8243; border_style_all=&#8221;double&#8221; text_orientation=&#8221;center&#8221; custom_margin=&#8221;0px|0px|0px|0px|true|true&#8221; custom_padding=&#8221;45px|45px|45px|45px|false|true&#8221; custom_css_main_element=&#8221;min-height: 450px;&#8221; background__hover_enabled=&#8221;on&#8221;]<\/p>\n<h6 style=\"text-align: center;\"><\/h6>\n<p style=\"text-align: center;\">[\/et_pb_text][\/et_pb_column][et_pb_column type=&#8221;3_5&#8243; _builder_version=&#8221;3.22.2&#8243;][et_pb_text _builder_version=&#8221;3.22.4&#8243; text_font=&#8221;||||||||&#8221; text_line_height=&#8221;1.6em&#8221; width_last_edited=&#8221;on|phone&#8221; custom_margin=&#8221;|30px|30px|30px&#8221; custom_margin_tablet=&#8221;30px||&#8221; custom_margin_last_edited=&#8221;on|desktop&#8221; custom_padding=&#8221;||0px|||&#8221;]<\/p>\n<p><strong>Adresse du si\u00e8ge social:<\/strong><br \/>Enfance Pour Tous<br \/>45 avenue Sheppard Est, Suite 900<br \/>Toronto, ON M2N 5W9\u00a0 Canada<br \/>T | 416.227.0461<\/p>\n<p>Pour les demandes des m\u00e9dias UNIQUEMENT, veuillez envoyer un courriel \u00e0: <a href=\"mailto:media@learningjungle.com\">media@learningjungle.com<\/a><\/p>\n<p>Pour les probl\u00e8mes d&#8217;urgence des parents, veuillez envoyer un courriel \u00e0: <a href=\"mailto:aideauxparents@enfancepourtous.ca\">aideauxparents@enfancepourtous.ca<\/a>\u00a0<\/p>\n<p>Pour toute demande concernant les programmes de garde d&#8217;enfants et la disponibilit\u00e9 des places, veuillez remplir notre formulaire <a href=\"https:\/\/enfancepourtous.ca\/fr-CA\/demander-une-visite\/\">demander une visite<\/a> et un repr\u00e9sentant communiquera avec vous.<\/p>\n<p>Veuillez utiliser ce formulaire ci-dessous pour vous connecter au si\u00e8ge social (par exemple, probl\u00e8mes de site Web, fournisseurs et autres demandes li\u00e9es \u00e0 l&#8217;entreprise).<\/p>\n<p>[\/et_pb_text][et_pb_contact_form email=&#8221;info@learningjungle.com&#8221; custom_message=&#8221;Name: %%Name%%||et_pb_line_break_holder||Email: %%Email%%||et_pb_line_break_holder||Location: %%Location%%||et_pb_line_break_holder||||et_pb_line_break_holder||%%Message%%&#8221; use_redirect=&#8221;on&#8221; redirect_url=&#8221;\/fr-CA\/demande-de-visite-soumise\/&#8221; submit_button_text=&#8221;Soumettre&#8221; _builder_version=&#8221;3.22.4&#8243; custom_margin=&#8221;30px|30px|30px|30px&#8221;][et_pb_contact_field field_id=&#8221;Name&#8221; field_title=&#8221;Nom&#8221; _builder_version=&#8221;3.22.4&#8243; border_radii=&#8221;on||||&#8221; button_text_size__hover_enabled=&#8221;off&#8221; button_one_text_size__hover_enabled=&#8221;off&#8221; button_two_text_size__hover_enabled=&#8221;off&#8221; button_text_color__hover_enabled=&#8221;off&#8221; button_one_text_color__hover_enabled=&#8221;off&#8221; button_two_text_color__hover_enabled=&#8221;off&#8221; button_border_width__hover_enabled=&#8221;off&#8221; button_one_border_width__hover_enabled=&#8221;off&#8221; button_two_border_width__hover_enabled=&#8221;off&#8221; button_border_color__hover_enabled=&#8221;off&#8221; button_one_border_color__hover_enabled=&#8221;off&#8221; button_two_border_color__hover_enabled=&#8221;off&#8221; button_border_radius__hover_enabled=&#8221;off&#8221; button_one_border_radius__hover_enabled=&#8221;off&#8221; button_two_border_radius__hover_enabled=&#8221;off&#8221; button_letter_spacing__hover_enabled=&#8221;off&#8221; button_one_letter_spacing__hover_enabled=&#8221;off&#8221; button_two_letter_spacing__hover_enabled=&#8221;off&#8221; button_bg_color__hover_enabled=&#8221;off&#8221; button_one_bg_color__hover_enabled=&#8221;off&#8221; button_two_bg_color__hover_enabled=&#8221;off&#8221;][\/et_pb_contact_field][et_pb_contact_field field_id=&#8221;Email&#8221; field_title=&#8221;Adresse \u00e9lectronique (courriel)&#8221; field_type=&#8221;email&#8221; _builder_version=&#8221;3.22.4&#8243; border_radii=&#8221;on||||&#8221; button_text_size__hover_enabled=&#8221;off&#8221; button_one_text_size__hover_enabled=&#8221;off&#8221; button_two_text_size__hover_enabled=&#8221;off&#8221; button_text_color__hover_enabled=&#8221;off&#8221; button_one_text_color__hover_enabled=&#8221;off&#8221; button_two_text_color__hover_enabled=&#8221;off&#8221; button_border_width__hover_enabled=&#8221;off&#8221; button_one_border_width__hover_enabled=&#8221;off&#8221; button_two_border_width__hover_enabled=&#8221;off&#8221; button_border_color__hover_enabled=&#8221;off&#8221; button_one_border_color__hover_enabled=&#8221;off&#8221; button_two_border_color__hover_enabled=&#8221;off&#8221; button_border_radius__hover_enabled=&#8221;off&#8221; button_one_border_radius__hover_enabled=&#8221;off&#8221; button_two_border_radius__hover_enabled=&#8221;off&#8221; button_letter_spacing__hover_enabled=&#8221;off&#8221; button_one_letter_spacing__hover_enabled=&#8221;off&#8221; button_two_letter_spacing__hover_enabled=&#8221;off&#8221; button_bg_color__hover_enabled=&#8221;off&#8221; button_one_bg_color__hover_enabled=&#8221;off&#8221; button_two_bg_color__hover_enabled=&#8221;off&#8221;][\/et_pb_contact_field][et_pb_contact_field field_id=&#8221;Message&#8221; field_title=&#8221;Message&#8221; field_type=&#8221;text&#8221; fullwidth_field=&#8221;on&#8221; _builder_version=&#8221;3.16&#8243; border_radii=&#8221;on||||&#8221; button_text_size__hover_enabled=&#8221;off&#8221; button_one_text_size__hover_enabled=&#8221;off&#8221; button_two_text_size__hover_enabled=&#8221;off&#8221; button_text_color__hover_enabled=&#8221;off&#8221; button_one_text_color__hover_enabled=&#8221;off&#8221; button_two_text_color__hover_enabled=&#8221;off&#8221; button_border_width__hover_enabled=&#8221;off&#8221; button_one_border_width__hover_enabled=&#8221;off&#8221; button_two_border_width__hover_enabled=&#8221;off&#8221; button_border_color__hover_enabled=&#8221;off&#8221; button_one_border_color__hover_enabled=&#8221;off&#8221; button_two_border_color__hover_enabled=&#8221;off&#8221; button_border_radius__hover_enabled=&#8221;off&#8221; button_one_border_radius__hover_enabled=&#8221;off&#8221; button_two_border_radius__hover_enabled=&#8221;off&#8221; button_letter_spacing__hover_enabled=&#8221;off&#8221; button_one_letter_spacing__hover_enabled=&#8221;off&#8221; button_two_letter_spacing__hover_enabled=&#8221;off&#8221; button_bg_color__hover_enabled=&#8221;off&#8221; button_one_bg_color__hover_enabled=&#8221;off&#8221; button_two_bg_color__hover_enabled=&#8221;off&#8221;][\/et_pb_contact_field][\/et_pb_contact_form][\/et_pb_column][\/et_pb_row][et_pb_row custom_margin=&#8221;20px||&#8221; disabled_on=&#8221;off|off|off&#8221; admin_label=&#8221;Mobile&#8221; module_class=&#8221; et_pb_row_fullwidth&#8221; _builder_version=&#8221;3.22.4&#8243; background_color=&#8221;#1f9b8d&#8221; use_background_color_gradient=&#8221;on&#8221; background_color_gradient_start=&#8221;#091651&#8243; background_color_gradient_end=&#8221;#005e5c&#8221; background_color_gradient_type=&#8221;radial&#8221; background_color_gradient_direction_radial=&#8221;bottom&#8221; width=&#8221;100%&#8221; width_tablet=&#8221;100%&#8221; width_last_edited=&#8221;on|phone&#8221; max_width=&#8221;100%&#8221; max_width_tablet=&#8221;100%&#8221; max_width_last_edited=&#8221;on|desktop&#8221; height=&#8221;300px&#8221; make_fullwidth=&#8221;on&#8221; global_module=&#8221;654&#8243; saved_tabs=&#8221;all&#8221;][et_pb_column type=&#8221;4_4&#8243; _builder_version=&#8221;3.19.18&#8243;][et_pb_cta title=&#8221;Nous serions ravis de vous rencontrer&#8221; button_url=&#8221;https:\/\/enfancepourtous.ca\/fr-CA\/demander-une-visite\/&#8221; button_text=&#8221;DEMANDER UNE VISITE&#8221; disabled_on=&#8221;off|off|off&#8221; admin_label=&#8221;Call To Action&#8221; _builder_version=&#8221;3.22.4&#8243; header_level=&#8221;h1&#8243; header_font=&#8221;Open Sans||||||||&#8221; header_text_color=&#8221;#ffffff&#8221; header_font_size_phone=&#8221;24px&#8221; header_font_size_last_edited=&#8221;on|phone&#8221; body_font=&#8221;Open Sans||||||||&#8221; body_text_color=&#8221;#ffffff&#8221; body_font_size=&#8221;14px&#8221; body_line_height=&#8221;1.5em&#8221; use_background_color=&#8221;off&#8221; custom_button=&#8221;on&#8221; button_text_size=&#8221;18px&#8221; button_text_color=&#8221;#ffffff&#8221; button_bg_color=&#8221;#575296&#8243; button_font=&#8221;||||||||&#8221; custom_margin=&#8221;0px|0px|0px|0px&#8221; custom_padding=&#8221;75px|20px|75px|20px&#8221;]<\/p>\n<p>Nous avons actuellement 22 sites dans 5 pays. Nos installations proposent des visites tout au long de l&#8217;ann\u00e9e.<br \/> Nous vous invitons \u00e0 visiter un endroit pr\u00e8s de chez vous.<\/p>\n<p>[\/et_pb_cta][\/et_pb_column][\/et_pb_row][\/et_pb_section][et_pb_section fb_built=&#8221;1&#8243; admin_label=&#8221;Footer&#8221; module_id=&#8221;footer&#8221; _builder_version=&#8221;3.22.4&#8243; background_color=&#8221;#dcd9e8&#8243; min_height=&#8221;50px&#8221; custom_padding=&#8221;0px|0|0px|0px|false|false&#8221; global_module=&#8221;2151&#8243; collapsed=&#8221;off&#8221;][et_pb_row admin_label=&#8221;Social&#8221; _builder_version=&#8221;3.22.4&#8243;][et_pb_column type=&#8221;4_4&#8243; _builder_version=&#8221;3.22.4&#8243;][et_pb_social_media_follow _builder_version=&#8221;3.22.4&#8243; custom_margin=&#8221;20px||&#8221;][et_pb_social_media_follow_network social_network=&#8221;facebook&#8221; url=&#8221;http:\/\/facebook.com\/learningjunglecanada&#8221; _builder_version=&#8221;3.22.4&#8243; background_color=&#8221;#211c34&#8243; follow_button=&#8221;off&#8221; url_new_window=&#8221;on&#8221;]facebook[\/et_pb_social_media_follow_network][et_pb_social_media_follow_network social_network=&#8221;instagram&#8221; url=&#8221;http:\/\/www.instagram.com\/learningjungle&#8221; _builder_version=&#8221;3.22.4&#8243; background_color=&#8221;#211c34&#8243; follow_button=&#8221;off&#8221; url_new_window=&#8221;on&#8221;]instagram[\/et_pb_social_media_follow_network][\/et_pb_social_media_follow][\/et_pb_column][\/et_pb_row][et_pb_row _builder_version=&#8221;3.22.4&#8243;][et_pb_column type=&#8221;1_4&#8243; _builder_version=&#8221;3.22.4&#8243;][et_pb_text admin_label=&#8221;Learning Jungle Schools Menu&#8221; _builder_version=&#8221;3.22.4&#8243; text_font=&#8221;||||||||&#8221; text_line_height=&#8221;1.5em&#8221; text_line_height_tablet=&#8221;2em&#8221; text_line_height_last_edited=&#8221;on|desktop&#8221; link_font=&#8221;||||||||&#8221; ul_font=&#8221;||||||||&#8221; ol_font=&#8221;||||||||&#8221; quote_font=&#8221;||||||||&#8221; header_font=&#8221;|||on|||||&#8221; header_text_color=&#8221;#575194&#8243; header_2_font=&#8221;|700||on|||||&#8221; header_2_text_color=&#8221;#575194&#8243; header_2_font_size=&#8221;16px&#8221; custom_css_main_element=&#8221;white-space: nowrap;&#8221;]<\/p>\n<h2>ENFANCE POUR TOUS<\/h2>\n<p><a href=\"https:\/\/enfancepourtous.ca\/fr-CA\/philosophie\/\">Philosophie<\/a><br \/> <a href=\"https:\/\/enfancepourtous.ca\/fr-CA\/programmes\/\">Programmes<\/a><br \/> <a href=\"https:\/\/enfancepourtous.ca\/fr-CA\/emplacements\/\">Emplacements<\/a><br \/> <a href=\"https:\/\/enfancepourtous.ca\/fr-CA\/demander-une-visite\/\">Demander une visite<\/a><\/p>\n<p>[\/et_pb_text][\/et_pb_column][et_pb_column type=&#8221;1_4&#8243; _builder_version=&#8221;3.22.4&#8243;][et_pb_text admin_label=&#8221;Corporate Menu&#8221; _builder_version=&#8221;3.22.4&#8243; text_font=&#8221;||||||||&#8221; text_line_height=&#8221;1.5em&#8221; text_line_height_tablet=&#8221;2em&#8221; text_line_height_last_edited=&#8221;on|tablet&#8221; header_font=&#8221;||||||||&#8221; header_2_font=&#8221;||||||||&#8221; header_2_text_color=&#8221;#211c34&#8243; header_2_font_size=&#8221;18px&#8221; custom_padding=&#8221;26px||&#8221; custom_padding_tablet=&#8221;26px||&#8221; custom_padding_last_edited=&#8221;on|tablet&#8221;]<\/p>\n<p><a href=\"https:\/\/enfancepourtous.ca\/fr-CA\/a-propos-de-enfance-pour-tous\/\">\u00c0 propos de Enfance Pour Tous<\/a><br \/> <a href=\"https:\/\/enfancepourtous.ca\/fr-CA\/carrieres\/\">Carri\u00e8res<\/a><br \/> <a href=\"https:\/\/enfancepourtous.ca\/fr-CA\/nous-contacter\/\">Nous contacter<\/a><br \/> <a href=\"http:\/\/franchise.learningjungle.com\" target=\"_blank\" rel=\"noopener noreferrer\" title=\"Learning Jungle Franchising\">Franchisage<\/a><br \/> <a href=\"https:\/\/enfancepourtous.ca\/fr-CA\/politique-de-confidentialite\/\">Politique de confidentialit\u00e9<\/a><br \/> <a href=\"https:\/\/enfancepourtous.ca\/fr-CA\/termes-et-conditions\/\">Termes &amp; Conditions<\/a><\/p>\n<p>[\/et_pb_text][\/et_pb_column][et_pb_column type=&#8221;1_4&#8243; _builder_version=&#8221;3.22.4&#8243;][et_pb_text admin_label=&#8221;Parent login header&#8221; _builder_version=&#8221;3.22.4&#8243; text_font=&#8221;||||||||&#8221; text_line_height=&#8221;1em&#8221; text_line_height_tablet=&#8221;2em&#8221; text_line_height_last_edited=&#8221;on|desktop&#8221; link_font=&#8221;||||||||&#8221; ul_font=&#8221;||||||||&#8221; ol_font=&#8221;||||||||&#8221; quote_font=&#8221;||||||||&#8221; header_font=&#8221;|||on|||||&#8221; header_text_color=&#8221;#0d5257&#8243; header_2_font=&#8221;|700||on|||||&#8221; header_2_text_color=&#8221;#279989&#8243; header_2_font_size=&#8221;16px&#8221; custom_padding_tablet=&#8221;24px||&#8221; custom_padding_last_edited=&#8221;on|tablet&#8221;]<\/p>\n<h2>Parents<\/h2>\n<p>[\/et_pb_text][et_pb_code admin_label=&#8221;Login form&#8221; _builder_version=&#8221;3.22.4&#8243;]<\/p>\n<form action=\"https:\/\/qc1.learningjungle.com\/Signon.do\" method=\"post\" id=\"signon\"><!-- [et_pb_line_break_holder] -->\t<input type=\"hidden\" name=\"button_processLogin\" value=\"Log in\"><!-- [et_pb_line_break_holder] -->\t<input type=\"hidden\" name=\"processLogin_encoding\" value=\"u\"><!-- [et_pb_line_break_holder] -->\t<input type=\"hidden\" name=\"processLogin_params\" value=\"state=processLogin\"><!-- [et_pb_line_break_holder] --><!-- [et_pb_line_break_holder] -->\t\t<input type=\"hidden\" name=\"cmd\" value=\"button\"><!-- [et_pb_line_break_holder] -->\t<label for=\"LoginName\">S&#8217;identifier<\/label><!-- [et_pb_line_break_holder] -->\t<input type=\"text\" id=\"LoginName\" name=\"LoginName\"><!-- [et_pb_line_break_holder] -->\t<label for=\"Password\">Mot de passe<\/label><!-- [et_pb_line_break_holder] -->\t<input type=\"password\" id=\"Password\" name=\"Password\"><!-- [et_pb_line_break_holder] -->\t<input class=\"butn\" type=\"submit\" value=\"Login\"><!-- [et_pb_line_break_holder] -->\t<!-- [et_pb_line_break_holder] --><\/form>\n<p>[\/et_pb_code][\/et_pb_column][et_pb_column type=&#8221;1_4&#8243; _builder_version=&#8221;3.22.4&#8243;][\/et_pb_column][\/et_pb_row][\/et_pb_section]<\/p>\n","protected":false},"excerpt":{"rendered":"<p>[et_pb_section fb_built=&#8221;1&#8243; _builder_version=&#8221;3.22.3&#8243;][et_pb_row _builder_version=&#8221;3.22.3&#8243;][et_pb_column type=&#8221;4_4&#8243; _builder_version=&#8221;3.19.18&#8243;][et_pb_text _builder_version=&#8221;3.22.2&#8243; header_font=&#8221;Open Sans||||||||&#8221; custom_margin=&#8221;30px||30px&#8221;] Contactez nous [\/et_pb_text][\/et_pb_column][\/et_pb_row][et_pb_row _builder_version=&#8221;3.22.4&#8243; width_phone=&#8221;95%&#8221; width_last_edited=&#8221;on|phone&#8221;][et_pb_column type=&#8221;2_5&#8243; _builder_version=&#8221;3.22.2&#8243;][et_pb_text disabled_on=&#8221;on|off|off&#8221; _builder_version=&#8221;3.22.4&#8243; text_font=&#8221;||||||||&#8221; header_font=&#8221;Lato|300|||||||&#8221; header_text_align=&#8221;center&#8221; header_font_size=&#8221;14px&#8221; background_color=&#8221;#dce7e5&#8243; background_image=&#8221;https:\/\/enfancepourtous.ca\/fr-CA\/wp-content\/uploads\/2019\/04\/maplehill-interior-1.jpg&#8221; border_color_all=&#8221;#000000&#8243; border_style_all=&#8221;double&#8221; text_orientation=&#8221;center&#8221; custom_margin=&#8221;0px|0px|0px|0px|true|true&#8221; custom_padding=&#8221;45px|45px|45px|45px|false|true&#8221; custom_css_main_element=&#8221;min-height: 450px;&#8221; background__hover_enabled=&#8221;on&#8221;] [\/et_pb_text][\/et_pb_column][et_pb_column type=&#8221;3_5&#8243; _builder_version=&#8221;3.22.2&#8243;][et_pb_text _builder_version=&#8221;3.22.4&#8243; text_font=&#8221;||||||||&#8221; text_line_height=&#8221;1.6em&#8221; width_last_edited=&#8221;on|phone&#8221; custom_margin=&#8221;|30px|30px|30px&#8221; custom_margin_tablet=&#8221;30px||&#8221; custom_margin_last_edited=&#8221;on|desktop&#8221; custom_padding=&#8221;||0px|||&#8221;] Adresse du si\u00e8ge social:Enfance Pour Tous45 avenue Sheppard Est, Suite [&hellip;]<\/p>\n","protected":false},"author":7,"featured_media":0,"parent":0,"menu_order":0,"comment_status":"closed","ping_status":"closed","template":"","meta":{"_et_pb_use_builder":"on","_et_pb_old_content":"","_et_gb_content_width":"","inline_featured_image":false,"footnotes":""},"_links":{"self":[{"href":"https:\/\/enfancepourtous.ca\/fr-CA\/wp-json\/wp\/v2\/pages\/3496"}],"collection":[{"href":"https:\/\/enfancepourtous.ca\/fr-CA\/wp-json\/wp\/v2\/pages"}],"about":[{"href":"https:\/\/enfancepourtous.ca\/fr-CA\/wp-json\/wp\/v2\/types\/page"}],"author":[{"embeddable":true,"href":"https:\/\/enfancepourtous.ca\/fr-CA\/wp-json\/wp\/v2\/users\/7"}],"replies":[{"embeddable":true,"href":"https:\/\/enfancepourtous.ca\/fr-CA\/wp-json\/wp\/v2\/comments?post=3496"}],"version-history":[{"count":19,"href":"https:\/\/enfancepourtous.ca\/fr-CA\/wp-json\/wp\/v2\/pages\/3496\/revisions"}],"predecessor-version":[{"id":3784,"href":"https:\/\/enfancepourtous.ca\/fr-CA\/wp-json\/wp\/v2\/pages\/3496\/revisions\/3784"}],"wp:attachment":[{"href":"https:\/\/enfancepourtous.ca\/fr-CA\/wp-json\/wp\/v2\/media?parent=3496"}],"curies":[{"name":"wp","href":"https:\/\/api.w.org\/{rel}","templated":true}]}}