{"id":3479,"date":"2020-05-05T15:57:44","date_gmt":"2020-05-05T19:57:44","guid":{"rendered":"https:\/\/enfancepourtous.ca\/fr-CA\/?page_id=3479"},"modified":"2024-07-29T18:36:35","modified_gmt":"2024-07-29T22:36:35","slug":"anjou","status":"publish","type":"page","link":"https:\/\/enfancepourtous.ca\/fr-CA\/anjou\/","title":{"rendered":"Enfance Pour Tous Anjou"},"content":{"rendered":"<p>[et_pb_section fb_built=&#8221;1&#8243; disabled_on=&#8221;off|off|off&#8221; admin_label=&#8221;Desktop&#8221; _builder_version=&#8221;3.22.4&#8243; min_height=&#8221;43px&#8221; custom_padding=&#8221;0px|0|0px|0px|false|false&#8221; custom_css_main_element=&#8221;height: 100px;&#8221;][et_pb_row _builder_version=&#8221;3.25&#8243; width_tablet=&#8221;&#8221; width_phone=&#8221;&#8221; width_last_edited=&#8221;on|phone&#8221; custom_margin=&#8221;30px||30px&#8221;][et_pb_column type=&#8221;4_4&#8243; _builder_version=&#8221;3.25&#8243; custom_padding=&#8221;|||&#8221; custom_padding__hover=&#8221;|||&#8221;][et_pb_text _builder_version=&#8221;3.27.4&#8243; header_font=&#8221;Open Sans||||||||&#8221;]<\/p>\n<h1>Enfance Pour Tous\u00a0<strong>Anjou<\/strong><stronbriarcrest campus=\"\" strong=\"\"><\/stronbriarcrest><\/h1>\n<p>[\/et_pb_text][\/et_pb_column][\/et_pb_row][\/et_pb_section][et_pb_section fb_built=&#8221;1&#8243; admin_label=&#8221;Desktop&#8221; _builder_version=&#8221;3.22.4&#8243; custom_padding=&#8221;0px|0|0px|0px|false|false&#8221;][et_pb_row column_structure=&#8221;2_5,3_5&#8243; make_equal=&#8221;on&#8221; disabled_on=&#8221;off|off|off&#8221; _builder_version=&#8221;4.14.2&#8243; width_tablet=&#8221;&#8221; width_phone=&#8221;100%&#8221; width_last_edited=&#8221;on|phone&#8221; custom_margin=&#8221;||10px||false|false&#8221; custom_padding=&#8221;0px|0px|0|0px|false|false&#8221; custom_css_main_element=&#8221;min-height: 300px;&#8221; border_width_top=&#8221;1px&#8221; border_color_top=&#8221;#ffffff&#8221;][et_pb_column type=&#8221;2_5&#8243; _builder_version=&#8221;3.25&#8243; custom_padding=&#8221;|1px||&#8221; custom_padding__hover=&#8221;|||&#8221;][et_pb_text _builder_version=&#8221;4.6.5&#8243; _module_preset=&#8221;default&#8221; text_text_color=&#8221;#FFFFFF&#8221; text_line_height=&#8221;1.4em&#8221; header_font=&#8221;|300|||||||&#8221; header_text_color=&#8221;#FFFFFF&#8221; header_line_height=&#8221;1.2em&#8221; header_3_font=&#8221;|300|||||||&#8221; header_3_text_color=&#8221;#FFFFFF&#8221; header_4_text_color=&#8221;#FFFFFF&#8221; header_4_font_size=&#8221;15px&#8221; header_4_line_height=&#8221;1.3em&#8221; background_color=&#8221;#279989&#8243; min_height=&#8221;100px&#8221; custom_margin=&#8221;||||false|false&#8221; custom_padding=&#8221;10px|10px|50px|10px|false|false&#8221;]<\/p>\n<h1>Bienvenue \u00e0 Enfance Pour Tous Anjou<\/h1>\n<p>[\/et_pb_text][et_pb_text _builder_version=&#8221;4.6.5&#8243; _module_preset=&#8221;default&#8221; text_text_color=&#8221;#FFFFFF&#8221; text_line_height=&#8221;1.4em&#8221; header_font=&#8221;|300|||||||&#8221; header_text_color=&#8221;#FFFFFF&#8221; header_line_height=&#8221;1.2em&#8221; header_3_font=&#8221;|300|||||||&#8221; header_3_text_color=&#8221;#FFFFFF&#8221; header_4_text_color=&#8221;#FFFFFF&#8221; header_4_font_size=&#8221;15px&#8221; header_4_line_height=&#8221;1.3em&#8221; background_color=&#8221;#279989&#8243; min_height=&#8221;100px&#8221; custom_margin=&#8221;||||false|false&#8221; custom_padding=&#8221;10px|10px|50px|10px|false|false&#8221; custom_css_main_element=&#8221;min-height: 100px;&#8221;]<\/p>\n<p style=\"text-align: left;\"><span>Autoroute 25\u00a0 \/ Autoroute 40<br \/> 8030 boulevard M\u00e9tropolitain E<br \/> Anjou, QC H1K 1A2<br \/> <\/span><span style=\"color: #ffffff;\"><a href=\"tel:514.353.2727\" style=\"color: #ffffff;\">514.353.27270<\/a><\/span> |\u00a0 <span style=\"color: #ffffff;\"><a href=\"mailto:anjou@enfancepourtous.ca\" style=\"color: #ffffff;\">anjou@enfancepourtous.ca<\/a><\/span><\/p>\n<p><span>7 h \u00e0 18 h (L-V)<\/span><\/p>\n<p>[\/et_pb_text][et_pb_image src=&#8221;https:\/\/enfancepourtous.ca\/fr-CA\/wp-content\/uploads\/2023\/05\/happy-student@0.75x.jpg&#8221; alt=&#8221;\u00e9tudiant heureux joue au parc&#8221; title_text=&#8221;\u00e9tudiant heureux joue au parc&#8221; src_tablet=&#8221;https:\/\/www.learningjungle.com\/en-US\/wp-content\/uploads\/2022\/04\/MsKendra.jpg&#8221; src_phone=&#8221;https:\/\/www.learningjungle.com\/en-US\/wp-content\/uploads\/2022\/04\/MsKendra.jpg&#8221; src_last_edited=&#8221;off|desktop&#8221; _builder_version=&#8221;4.6.5&#8243; _module_preset=&#8221;default&#8221; background_color=&#8221;#0d5257&#8243; width_tablet=&#8221;100%&#8221; width_phone=&#8221;100%&#8221; width_last_edited=&#8221;on|tablet&#8221; module_alignment=&#8221;center&#8221;][\/et_pb_image][et_pb_text _builder_version=&#8221;4.6.5&#8243; _module_preset=&#8221;default&#8221; header_font=&#8221;|300|||||||&#8221; header_text_color=&#8221;#FFFFFF&#8221; header_3_font=&#8221;|300|||||||&#8221; header_3_text_align=&#8221;left&#8221; header_3_text_color=&#8221;#FFFFFF&#8221; header_3_font_size=&#8221;16px&#8221; header_4_text_color=&#8221;#FFFFFF&#8221; header_4_font_size=&#8221;15px&#8221; header_4_line_height=&#8221;1.3em&#8221; background_color=&#8221;#565294&#8243; custom_margin=&#8221;||1px||false|false&#8221; custom_padding=&#8221;20px|20px|10px|20px|false|false&#8221; custom_css_main_element=&#8221;min-height: 20px;&#8221;]<\/p>\n<h3 style=\"text-align: left;\">Directrice : <strong>Stasy Phitthayaphone<\/strong><\/h3>\n<p>[\/et_pb_text][\/et_pb_column][et_pb_column type=&#8221;3_5&#8243; _builder_version=&#8221;3.25&#8243; custom_padding=&#8221;|||&#8221; custom_padding__hover=&#8221;|||&#8221;][et_pb_text _builder_version=&#8221;4.6.5&#8243; _module_preset=&#8221;default&#8221; header_font=&#8221;|300|||||||&#8221; header_text_color=&#8221;#FFFFFF&#8221; header_3_font=&#8221;|300|||||||&#8221; header_3_text_align=&#8221;left&#8221; header_3_text_color=&#8221;#FFFFFF&#8221; header_3_font_size=&#8221;18px&#8221; header_4_text_color=&#8221;#FFFFFF&#8221; header_4_font_size=&#8221;15px&#8221; header_4_line_height=&#8221;1.3em&#8221; background_color=&#8221;#0d5257&#8243; custom_margin=&#8221;||1px||false|false&#8221; custom_padding=&#8221;20px|20px|10px|20px|false|false&#8221; custom_css_main_element=&#8221;min-height: 20px;&#8221;]<\/p>\n<h3 style=\"text-align: right;\">Pouponni\u00e8re | Trottineurs | Pr\u00e9scolaires\u00a0<\/h3>\n<p>[\/et_pb_text][et_pb_text _builder_version=&#8221;4.6.5&#8243; text_font=&#8221;Open Sans||||||||&#8221; text_text_color=&#8221;#279989&#8243; text_line_height=&#8221;1.5em&#8221; header_font=&#8221;Open Sans|300|||||||&#8221; header_text_align=&#8221;left&#8221; header_font_size=&#8221;32px&#8221; header_line_height=&#8221;1.3em&#8221; header_2_font=&#8221;|300|||||||&#8221; header_2_font_size=&#8221;20px&#8221; header_2_line_height=&#8221;1.2em&#8221; header_3_font=&#8221;|300|||||||&#8221; header_3_line_height=&#8221;1.3em&#8221; background_enable_color=&#8221;off&#8221; background_layout=&#8221;dark&#8221; custom_margin=&#8221;0px|0px|0px|0px|true|true&#8221; custom_padding=&#8221;10px|20px|10px|20px|true|true&#8221; custom_css_main_element=&#8221;||||&#8221; border_color_all=&#8221;#000000&#8243; border_style_all=&#8221;double&#8221; background__hover_enabled=&#8221;on&#8221;]<\/p>\n<p><strong>Garderie \u00e0 Montr\u00e9al<\/strong><\/p>\n<p>La Garderie Anjou est un service de garde \u00e9ducatif priv\u00e9 sp\u00e9cialis\u00e9 en petite enfance qui accueille 54 enfants dont 14 pouponni\u00e8re quotidiennement.\u00a0<span>\u00a0Anjou un arrondissement de Montr\u00e9al, accueille des familles de r\u00e9gions et d&#8217;horizons divers.<\/span><\/p>\n<p>La garderie dispose de quatre grandes salles lumineuses et d&#8217;une aire de jeux. Anjou s&#8217;est impos\u00e9 comme une garderie s\u00e9curitaire et amicale o\u00f9 les parents qui travaillent activement d\u00e9posent leurs enfants en sachant que leur enfant recevra une garde appropri\u00e9e de notre personnel aimant.<\/p>\n<p>Anjou est une garderie non-subventionn\u00e9e.<\/p>\n<p>Nous sommes \u00e9galement ouvert pour les visites, sur rendez-vous.<\/p>\n<p>[\/et_pb_text][et_pb_text _builder_version=&#8221;4.6.5&#8243; _module_preset=&#8221;default&#8221; width=&#8221;100%&#8221; max_width=&#8221;100%&#8221; custom_margin=&#8221;25px||||false|false&#8221; custom_padding=&#8221;|10px||10px|false|false&#8221;][\/et_pb_text][\/et_pb_column][\/et_pb_row][et_pb_row column_structure=&#8221;1_2,1_2&#8243; _builder_version=&#8221;4.6.5&#8243; _module_preset=&#8221;default&#8221; background_color=&#8221;#279989&#8243; width_tablet=&#8221;100%&#8221; width_phone=&#8221;100%&#8221; width_last_edited=&#8221;on|desktop&#8221;][et_pb_column type=&#8221;1_2&#8243; _builder_version=&#8221;4.14.2&#8243; _module_preset=&#8221;default&#8221;][et_pb_image src=&#8221;https:\/\/enfancepourtous.ca\/fr-CA\/wp-content\/uploads\/2024\/01\/Nature-inspired-Art.jpg&#8221; alt=&#8221;Learning Jungle Mission Valley&#8221; title_text=&#8221;Nature-inspired Art&#8221; _builder_version=&#8221;4.6.5&#8243; _module_preset=&#8221;default&#8221; background_image=&#8221;https:\/\/www.learningjungle.com\/en-US\/wp-content\/uploads\/2022\/04\/Rancho-hero.jpg&#8221;][\/et_pb_image][\/et_pb_column][et_pb_column type=&#8221;1_2&#8243; _builder_version=&#8221;4.14.2&#8243; _module_preset=&#8221;default&#8221;][et_pb_gallery gallery_ids=&#8221;9614,9613,9610,9611,9609,9612,8935,9018,9016,9017,9020,9015,9019&#8243; posts_number=&#8221;6&#8243; show_title_and_caption=&#8221;off&#8221; show_pagination=&#8221;off&#8221; _builder_version=&#8221;4.6.5&#8243; _module_preset=&#8221;default&#8221; scroll_scaling_enable=&#8221;on&#8221; border_width_all=&#8221;2px&#8221; border_color_all=&#8221;#FFFFFF&#8221;][\/et_pb_gallery][\/et_pb_column][\/et_pb_row][et_pb_row column_structure=&#8221;2_5,3_5&#8243; _builder_version=&#8221;4.14.2&#8243; _module_preset=&#8221;default&#8221; width_tablet=&#8221;&#8221; width_phone=&#8221;100%&#8221; width_last_edited=&#8221;on|phone&#8221;][et_pb_column type=&#8221;2_5&#8243; _builder_version=&#8221;4.14.2&#8243; _module_preset=&#8221;default&#8221;][et_pb_code _builder_version=&#8221;4.14.2&#8243; _module_preset=&#8221;default&#8221;][\/et_pb_code][et_pb_map google_api_key=&#8221;AIzaSyAJl6yWkaQ2xT2zGo7dygyyIzrVhMGmauo&#8221; address=&#8221;8030 Bd M\u00e9tropolitain E, Montr\u00e9al, QC H1K 1A2, Canada&#8221; zoom_level=&#8221;11&#8243; address_lat=&#8221;45.6085705&#8243; address_lng=&#8221;-73.5624949&#8243; _builder_version=&#8221;4.6.5&#8243; _module_preset=&#8221;default&#8221; background_color=&#8221;#565294&#8243; height=&#8221;450px&#8221; overflow-y=&#8221;visible&#8221; custom_margin=&#8221;||||false|false&#8221; child_filter_saturate=&#8221;31%&#8221; overflow-y_tablet=&#8221;visible&#8221; overflow-y_phone=&#8221;visible&#8221; overflow-y_last_edited=&#8221;on|desktop&#8221; border_width_all=&#8221;15px&#8221; border_color_all=&#8221;#ffffff&#8221;][et_pb_map_pin title=&#8221;Enfance Pour Tous Anjou&#8221; pin_address=&#8221;8030 Bd M\u00e9tropolitain E, Montr\u00e9al, QC H1K 1A2, Canada&#8221; zoom_level=&#8221;12&#8243; pin_address_lat=&#8221;45.6085705&#8243; pin_address_lng=&#8221;-73.5624949&#8243; _builder_version=&#8221;4.6.5&#8243; _module_preset=&#8221;default&#8221;]<\/p>\n<p><a href=\"https:\/\/www.learningjungle.com\/en-US\/request-a-tour\/\" target=\"_blank\" rel=\"noopener\">Request a Tour Online<\/a><br \/> or call 1.855.Learn55<\/p>\n<p>[\/et_pb_map_pin][\/et_pb_map][\/et_pb_column][et_pb_column type=&#8221;3_5&#8243; _builder_version=&#8221;4.14.2&#8243; _module_preset=&#8221;default&#8221;][et_pb_code _builder_version=&#8221;4.6.5&#8243; _module_preset=&#8221;default&#8221; border_width_all=&#8221;15px&#8221; border_color_all=&#8221;#FFFFFF&#8221;]<iframe src=\"https:\/\/www.google.com\/maps\/embed?pb=!4v1705007133563!6m8!1m7!1siAmaW76rT8dqIug2TxzJdA!2m2!1d45.60872877879002!2d-73.56257384335743!3f160.01555!4f0!5f0.7820865974627469\" width=\"600\" height=\"450\" style=\"border:0;\" allowfullscreen=\"\" loading=\"lazy\" referrerpolicy=\"no-referrer-when-downgrade\"><\/iframe>[\/et_pb_code][\/et_pb_column][\/et_pb_row][et_pb_row _builder_version=&#8221;4.14.2&#8243; _module_preset=&#8221;default&#8221;][et_pb_column type=&#8221;4_4&#8243; _builder_version=&#8221;4.14.2&#8243; _module_preset=&#8221;default&#8221;][et_pb_code _builder_version=&#8221;4.14.2&#8243; _module_preset=&#8221;default&#8221;][wprevpro_usetemplate tid=&#8221;6&#8243;][\/et_pb_code][\/et_pb_column][\/et_pb_row][\/et_pb_section][et_pb_section fb_built=&#8221;1&#8243; _builder_version=&#8221;3.22.4&#8243;][et_pb_row disabled_on=&#8221;off|off|off&#8221; admin_label=&#8221;Mobile&#8221; module_class=&#8221; et_pb_row_fullwidth&#8221; _builder_version=&#8221;3.22.4&#8243; background_color=&#8221;#1f9b8d&#8221; use_background_color_gradient=&#8221;on&#8221; background_color_gradient_start=&#8221;#091651&#8243; background_color_gradient_end=&#8221;#005e5c&#8221; background_color_gradient_type=&#8221;radial&#8221; background_color_gradient_direction_radial=&#8221;bottom&#8221; width=&#8221;100%&#8221; width_tablet=&#8221;100%&#8221; width_phone=&#8221;&#8221; width_last_edited=&#8221;on|phone&#8221; max_width=&#8221;100%&#8221; max_width_tablet=&#8221;100%&#8221; max_width_phone=&#8221;&#8221; max_width_last_edited=&#8221;on|desktop&#8221; height=&#8221;300px&#8221; custom_margin=&#8221;20px||&#8221; make_fullwidth=&#8221;on&#8221; global_module=&#8221;654&#8243; saved_tabs=&#8221;all&#8221; collapsed=&#8221;off&#8221;][et_pb_column type=&#8221;4_4&#8243; _builder_version=&#8221;3.25&#8243; custom_padding=&#8221;|||&#8221; custom_padding__hover=&#8221;|||&#8221;][et_pb_cta title=&#8221;Nous serions ravis de vous rencontrer&#8221; button_url=&#8221;https:\/\/enfancepourtous.ca\/fr-CA\/demander-une-visite\/&#8221; button_text=&#8221;DEMANDER UNE VISITE&#8221; disabled_on=&#8221;off|off|off&#8221; admin_label=&#8221;Call To Action&#8221; _builder_version=&#8221;3.22.4&#8243; header_level=&#8221;h1&#8243; header_font=&#8221;Open Sans||||||||&#8221; header_text_color=&#8221;#ffffff&#8221; body_font=&#8221;Open Sans||||||||&#8221; body_text_color=&#8221;#ffffff&#8221; body_line_height=&#8221;1.5em&#8221; use_background_color=&#8221;off&#8221; custom_button=&#8221;on&#8221; button_text_size=&#8221;18px&#8221; button_text_color=&#8221;#ffffff&#8221; button_bg_color=&#8221;#575296&#8243; button_font=&#8221;||||||||&#8221; custom_margin=&#8221;0px|0px|0px|0px&#8221; custom_padding=&#8221;75px|20px|75px|20px&#8221; header_font_size_tablet=&#8221;&#8221; header_font_size_phone=&#8221;24px&#8221; header_font_size_last_edited=&#8221;on|phone&#8221;]<\/p>\n<p>Nous avons actuellement 51 sites dans 5 pays. Nos installations proposent des visites tout au long de l&#8217;ann\u00e9e.<br \/> Nous vous invitons \u00e0 visiter un endroit pr\u00e8s de chez vous.<\/p>\n<p>[\/et_pb_cta][\/et_pb_column][\/et_pb_row][\/et_pb_section][et_pb_section fb_built=&#8221;1&#8243; admin_label=&#8221;Footer&#8221; module_id=&#8221;footer&#8221; _builder_version=&#8221;3.22.4&#8243; background_color=&#8221;#dcd9e8&#8243; min_height=&#8221;50px&#8221; custom_padding=&#8221;0px|0|0px|0px|false|false&#8221; global_module=&#8221;2151&#8243; collapsed=&#8221;off&#8221;][et_pb_row admin_label=&#8221;Social&#8221; _builder_version=&#8221;3.25&#8243;][et_pb_column type=&#8221;4_4&#8243; _builder_version=&#8221;3.25&#8243; custom_padding=&#8221;|||&#8221; custom_padding__hover=&#8221;|||&#8221;][et_pb_social_media_follow _builder_version=&#8221;4.6.5&#8243; custom_margin=&#8221;20px||&#8221;][et_pb_social_media_follow_network social_network=&#8221;facebook&#8221; url=&#8221;https:\/\/www.facebook.com\/enfancepourtous&#8221; _builder_version=&#8221;4.6.5&#8243; background_color=&#8221;#211c34&#8243; follow_button=&#8221;off&#8221; url_new_window=&#8221;on&#8221;]facebook[\/et_pb_social_media_follow_network][et_pb_social_media_follow_network social_network=&#8221;instagram&#8221; url=&#8221;https:\/\/www.instagram.com\/enfancepourtous\/&#8221; _builder_version=&#8221;4.6.5&#8243; background_color=&#8221;#211c34&#8243; follow_button=&#8221;off&#8221; url_new_window=&#8221;on&#8221;]instagram[\/et_pb_social_media_follow_network][\/et_pb_social_media_follow][\/et_pb_column][\/et_pb_row][et_pb_row column_structure=&#8221;1_4,1_4,1_4,1_4&#8243; _builder_version=&#8221;3.25&#8243;][et_pb_column type=&#8221;1_4&#8243; _builder_version=&#8221;3.25&#8243; custom_padding=&#8221;|||&#8221; custom_padding__hover=&#8221;|||&#8221;][et_pb_text admin_label=&#8221;Learning Jungle Schools Menu&#8221; _builder_version=&#8221;3.27.4&#8243; text_font=&#8221;||||||||&#8221; text_line_height=&#8221;1.5em&#8221; link_font=&#8221;||||||||&#8221; ul_font=&#8221;||||||||&#8221; ol_font=&#8221;||||||||&#8221; quote_font=&#8221;||||||||&#8221; header_font=&#8221;|||on|||||&#8221; header_text_color=&#8221;#575194&#8243; header_2_font=&#8221;|700||on|||||&#8221; header_2_text_color=&#8221;#575194&#8243; header_2_font_size=&#8221;16px&#8221; text_line_height_tablet=&#8221;2em&#8221; text_line_height_phone=&#8221;&#8221; text_line_height_last_edited=&#8221;on|desktop&#8221; custom_css_main_element=&#8221;white-space: nowrap;&#8221;]<\/p>\n<h2>ENFANCE POUR TOUS<\/h2>\n<p><a href=\"https:\/\/enfancepourtous.ca\/fr-CA\/philosophie\/\">Philosophie<\/a><br \/> <a href=\"https:\/\/enfancepourtous.ca\/fr-CA\/programmes\/\">Programmes<\/a><br \/> <a href=\"https:\/\/enfancepourtous.ca\/fr-CA\/emplacements\/\">Emplacements<\/a><br \/> <a href=\"https:\/\/enfancepourtous.ca\/fr-CA\/demander-une-visite\/\">Demander une visite<\/a><\/p>\n<p>[\/et_pb_text][\/et_pb_column][et_pb_column type=&#8221;1_4&#8243; _builder_version=&#8221;3.25&#8243; custom_padding=&#8221;|||&#8221; custom_padding__hover=&#8221;|||&#8221;][et_pb_text admin_label=&#8221;Corporate Menu&#8221; _builder_version=&#8221;3.27.4&#8243; text_font=&#8221;||||||||&#8221; text_line_height=&#8221;1.5em&#8221; header_font=&#8221;||||||||&#8221; header_2_font=&#8221;||||||||&#8221; header_2_text_color=&#8221;#211c34&#8243; header_2_font_size=&#8221;18px&#8221; custom_padding=&#8221;26px||&#8221; custom_padding_tablet=&#8221;26px||&#8221; custom_padding_phone=&#8221;&#8221; custom_padding_last_edited=&#8221;on|tablet&#8221; text_line_height_tablet=&#8221;2em&#8221; text_line_height_phone=&#8221;&#8221; text_line_height_last_edited=&#8221;on|tablet&#8221;]<\/p>\n<p><a href=\"https:\/\/enfancepourtous.ca\/fr-CA\/a-propos-de-enfance-pour-tous\/\">\u00c0 propos de Enfance Pour Tous<\/a><br \/><a href=\"https:\/\/enfancepourtous.ca\/fr-CA\/carrieres\/\">Carri\u00e8res<\/a><br \/><a href=\"https:\/\/enfancepourtous.ca\/fr-CA\/nous-contacter\/\">Contacts de l&#8217;entreprise<\/a><br \/><a title=\"Learning Jungle Franchising\" href=\"http:\/\/franchise.learningjungle.com\" target=\"_blank\" rel=\"noopener noreferrer\">Franchisage<\/a><br \/><a href=\"https:\/\/enfancepourtous.ca\/fr-CA\/politique-de-confidentialite\/\">Politique de confidentialit\u00e9<\/a><br \/><a href=\"https:\/\/enfancepourtous.ca\/fr-CA\/termes-et-conditions\/\">Termes &amp; Conditions<\/a><\/p>\n<p>[\/et_pb_text][\/et_pb_column][et_pb_column type=&#8221;1_4&#8243; _builder_version=&#8221;3.25&#8243; custom_padding=&#8221;|||&#8221; custom_padding__hover=&#8221;|||&#8221;][et_pb_text admin_label=&#8221;Parent login header&#8221; _builder_version=&#8221;3.27.4&#8243; text_font=&#8221;||||||||&#8221; text_line_height=&#8221;1em&#8221; link_font=&#8221;||||||||&#8221; ul_font=&#8221;||||||||&#8221; ol_font=&#8221;||||||||&#8221; quote_font=&#8221;||||||||&#8221; header_font=&#8221;|||on|||||&#8221; header_text_color=&#8221;#0d5257&#8243; header_2_font=&#8221;|700||on|||||&#8221; header_2_text_color=&#8221;#279989&#8243; header_2_font_size=&#8221;16px&#8221; custom_padding_tablet=&#8221;24px||&#8221; custom_padding_phone=&#8221;&#8221; custom_padding_last_edited=&#8221;on|tablet&#8221; text_line_height_tablet=&#8221;2em&#8221; text_line_height_phone=&#8221;&#8221; text_line_height_last_edited=&#8221;on|desktop&#8221;]<\/p>\n<h2>Parents<\/h2>\n<p>[\/et_pb_text][et_pb_code admin_label=&#8221;Login form&#8221; _builder_version=&#8221;3.22.4&#8243;]<\/p>\n<form action=\"https:\/\/qc1.learningjungle.com\/Signon.do\" method=\"post\" id=\"signon\"><!-- [et_pb_line_break_holder] -->\t<input type=\"hidden\" name=\"button_processLogin\" value=\"Log in\"><!-- [et_pb_line_break_holder] -->\t<input type=\"hidden\" name=\"processLogin_encoding\" value=\"u\"><!-- [et_pb_line_break_holder] -->\t<input type=\"hidden\" name=\"processLogin_params\" value=\"state=processLogin\"><!-- [et_pb_line_break_holder] --><!-- [et_pb_line_break_holder] -->\t\t<input type=\"hidden\" name=\"cmd\" value=\"button\"><!-- [et_pb_line_break_holder] -->\t<label for=\"LoginName\">S&#8217;identifier<\/label><!-- [et_pb_line_break_holder] -->\t<input type=\"text\" id=\"LoginName\" name=\"LoginName\"><!-- [et_pb_line_break_holder] -->\t<label for=\"Password\">Mot de passe<\/label><!-- [et_pb_line_break_holder] -->\t<input type=\"password\" id=\"Password\" name=\"Password\"><!-- [et_pb_line_break_holder] -->\t<input class=\"butn\" type=\"submit\" value=\"Login\"><!-- [et_pb_line_break_holder] -->\t<!-- [et_pb_line_break_holder] --><\/form>\n<p>[\/et_pb_code][\/et_pb_column][et_pb_column type=&#8221;1_4&#8243; _builder_version=&#8221;3.25&#8243; custom_padding=&#8221;|||&#8221; custom_padding__hover=&#8221;|||&#8221;][\/et_pb_column][\/et_pb_row][et_pb_row _builder_version=&#8221;3.25&#8243;][et_pb_column type=&#8221;4_4&#8243; _builder_version=&#8221;3.25&#8243; custom_padding=&#8221;|||&#8221; custom_padding__hover=&#8221;|||&#8221;][et_pb_image align_tablet=&#8221;center&#8221; align_phone=&#8221;&#8221; align_last_edited=&#8221;on|desktop&#8221; _builder_version=&#8221;3.23&#8243;][\/et_pb_image][\/et_pb_column][\/et_pb_row][\/et_pb_section]<\/p>\n","protected":false},"excerpt":{"rendered":"<p>[et_pb_section fb_built=&#8221;1&#8243; disabled_on=&#8221;off|off|off&#8221; admin_label=&#8221;Desktop&#8221; _builder_version=&#8221;3.22.4&#8243; min_height=&#8221;43px&#8221; custom_padding=&#8221;0px|0|0px|0px|false|false&#8221; custom_css_main_element=&#8221;height: 100px;&#8221;][et_pb_row _builder_version=&#8221;3.25&#8243; width_tablet=&#8221;&#8221; width_phone=&#8221;&#8221; width_last_edited=&#8221;on|phone&#8221; custom_margin=&#8221;30px||30px&#8221;][et_pb_column type=&#8221;4_4&#8243; _builder_version=&#8221;3.25&#8243; custom_padding=&#8221;|||&#8221; custom_padding__hover=&#8221;|||&#8221;][et_pb_text _builder_version=&#8221;3.27.4&#8243; header_font=&#8221;Open Sans||||||||&#8221;] Enfance Pour Tous\u00a0Anjou [\/et_pb_text][\/et_pb_column][\/et_pb_row][\/et_pb_section][et_pb_section fb_built=&#8221;1&#8243; admin_label=&#8221;Desktop&#8221; _builder_version=&#8221;3.22.4&#8243; custom_padding=&#8221;0px|0|0px|0px|false|false&#8221;][et_pb_row column_structure=&#8221;2_5,3_5&#8243; make_equal=&#8221;on&#8221; disabled_on=&#8221;off|off|off&#8221; _builder_version=&#8221;4.14.2&#8243; width_tablet=&#8221;&#8221; width_phone=&#8221;100%&#8221; width_last_edited=&#8221;on|phone&#8221; custom_margin=&#8221;||10px||false|false&#8221; custom_padding=&#8221;0px|0px|0|0px|false|false&#8221; custom_css_main_element=&#8221;min-height: 300px;&#8221; border_width_top=&#8221;1px&#8221; border_color_top=&#8221;#ffffff&#8221;][et_pb_column type=&#8221;2_5&#8243; _builder_version=&#8221;3.25&#8243; custom_padding=&#8221;|1px||&#8221; custom_padding__hover=&#8221;|||&#8221;][et_pb_text _builder_version=&#8221;4.6.5&#8243; _module_preset=&#8221;default&#8221; text_text_color=&#8221;#FFFFFF&#8221; text_line_height=&#8221;1.4em&#8221; header_font=&#8221;|300|||||||&#8221; header_text_color=&#8221;#FFFFFF&#8221; header_line_height=&#8221;1.2em&#8221; header_3_font=&#8221;|300|||||||&#8221; header_3_text_color=&#8221;#FFFFFF&#8221; [&hellip;]<\/p>\n","protected":false},"author":7,"featured_media":0,"parent":0,"menu_order":0,"comment_status":"closed","ping_status":"closed","template":"","meta":{"_et_pb_use_builder":"on","_et_pb_old_content":"","_et_gb_content_width":"","inline_featured_image":false,"footnotes":""},"_links":{"self":[{"href":"https:\/\/enfancepourtous.ca\/fr-CA\/wp-json\/wp\/v2\/pages\/3479"}],"collection":[{"href":"https:\/\/enfancepourtous.ca\/fr-CA\/wp-json\/wp\/v2\/pages"}],"about":[{"href":"https:\/\/enfancepourtous.ca\/fr-CA\/wp-json\/wp\/v2\/types\/page"}],"author":[{"embeddable":true,"href":"https:\/\/enfancepourtous.ca\/fr-CA\/wp-json\/wp\/v2\/users\/7"}],"replies":[{"embeddable":true,"href":"https:\/\/enfancepourtous.ca\/fr-CA\/wp-json\/wp\/v2\/comments?post=3479"}],"version-history":[{"count":27,"href":"https:\/\/enfancepourtous.ca\/fr-CA\/wp-json\/wp\/v2\/pages\/3479\/revisions"}],"predecessor-version":[{"id":9641,"href":"https:\/\/enfancepourtous.ca\/fr-CA\/wp-json\/wp\/v2\/pages\/3479\/revisions\/9641"}],"wp:attachment":[{"href":"https:\/\/enfancepourtous.ca\/fr-CA\/wp-json\/wp\/v2\/media?parent=3479"}],"curies":[{"name":"wp","href":"https:\/\/api.w.org\/{rel}","templated":true}]}}